
{"id":608,"date":"2022-06-10T19:22:20","date_gmt":"2022-06-10T19:22:20","guid":{"rendered":"https:\/\/demo.themedraft.net\/wp\/doctio\/?page_id=608"},"modified":"2024-10-29T10:34:22","modified_gmt":"2024-10-29T10:34:22","slug":"about-us","status":"publish","type":"page","link":"https:\/\/panoramahairturkey.com\/it\/about-us\/","title":{"rendered":"Chi siamo"},"content":{"rendered":"<div data-elementor-type=\"wp-page\" data-elementor-id=\"608\" class=\"elementor elementor-608\" data-elementor-post-type=\"page\">\n\t\t\t\t\t\t<section class=\"elementor-section elementor-top-section elementor-element elementor-element-433d3c3b elementor-section-stretched elementor-section-boxed elementor-section-height-default elementor-section-height-default\" data-id=\"433d3c3b\" data-element_type=\"section\" data-e-type=\"section\" data-settings=\"{&quot;stretch_section&quot;:&quot;section-stretched&quot;}\">\n\t\t\t\t\t\t<div class=\"elementor-container elementor-column-gap-default\">\n\t\t\t\t\t<div class=\"elementor-column elementor-col-50 elementor-top-column elementor-element elementor-element-2ec804cd\" data-id=\"2ec804cd\" data-element_type=\"column\" data-e-type=\"column\">\n\t\t\t<div class=\"elementor-widget-wrap elementor-element-populated\">\n\t\t\t\t\t\t<div class=\"elementor-element elementor-element-7f8a77d3 elementor-widget elementor-widget-themedraft_section_title\" data-id=\"7f8a77d3\" data-element_type=\"widget\" data-e-type=\"widget\" data-widget_type=\"themedraft_section_title.default\">\n\t\t\t\t<div class=\"elementor-widget-container\">\n\t\t\t\t\t\n\t\t<div class=\"td-section-title-wrapper\">\n            <div class=\"td-section-title-content td-secondary-font\">\n                                    <div class=\"td-section-title-bg-text left\">\n                        About                    <\/div>\n                \n                                    <div class=\"td-section-subtitle td-primary-color\">\n                        Chi siamo                    <\/div>\n                \n                                    <div class=\"td-section-title\">\n                        <h2>Il miglior trapianto di capelli in Turchia, Istanbul<\/h2>                    <\/div>\n                                        <div class=\"title-bottom-line\" style=\"background-image: url(https:\/\/demo.themedraft.net\/wp\/doctio\/wp-content\/uploads\/2022\/06\/line-1.png)\"><\/div>\n                                                <\/div>\n\t\t<\/div>\n\t\t\t\t\t\t<\/div>\n\t\t\t\t<\/div>\n\t\t\t\t<div class=\"elementor-element elementor-element-6b2eb3ed elementor-widget elementor-widget-themedraft_text\" data-id=\"6b2eb3ed\" data-element_type=\"widget\" data-e-type=\"widget\" data-widget_type=\"themedraft_text.default\">\n\t\t\t\t<div class=\"elementor-widget-container\">\n\t\t\t\t\t\n\t\t<div class=\"td-text-wrapper\">\n\t\t\t<p><span style=\"font-weight: 400;\">Lo specialista Mustafa \u00dcst\u00fcnda\u011f \u00e8 riconosciuto a livello internazionale come uno dei migliori trapiantatori di capelli in Turchia. Con oltre un decennio di esperienza, lui e la sua stimata \u00e9quipe medica hanno eseguito pi\u00f9 di 9.000 trapianti di capelli con successo, stabilendo un punto di riferimento nel campo del restauro dei capelli. La sua competenza e la sua dedizione gli hanno fatto guadagnare la reputazione di leader nella fornitura di soluzioni trasformative per i capelli.<\/span><\/p><p><span style=\"font-weight: 400;\">Il Centro Trapianti Panorama Hair Turkey \u00e8 all'avanguardia nel campo dei trapianti di capelli, barba e sopracciglia sin dal suo inizio nel 2016. Il nostro centro \u00e8 rinomato per le sue tecniche avanzate di microchirurgia, tra cui Sapphire, DHI (Direct Hair Implantation) e Sapphire FUE. Questi metodi all'avanguardia garantiscono risultati ottimali con tempi di inattivit\u00e0 minimi, offrendo ai nostri pazienti una soluzione naturale e permanente alla perdita dei capelli.<\/span><\/p><p><span style=\"font-weight: 400;\">Come destinazione di spicco per il turismo sanitario internazionale, la Turchia attrae pazienti da tutto il mondo in cerca di cure mediche di livello mondiale. Noi di Panorama Hair Turkey siamo orgogliosi di accogliere pazienti provenienti da ogni angolo del mondo, offrendo loro un'assistenza eccezionale e soluzioni innovative, personalizzate in base alle loro esigenze individuali.<\/span><\/p><p><span style=\"font-weight: 400;\">Scegliete Panorama Hair Turkey per un'esperienza trasformativa di restauro dei capelli, guidati dall'esperienza dello Specialista Mustafa \u00dcst\u00fcnda\u011f e supportati da un team dedicato all'eccellenza in ogni aspetto del vostro percorso.<\/span><\/p>\n            \t\t<\/div>\n\n\t\t\t\t\t\t<\/div>\n\t\t\t\t<\/div>\n\t\t\t\t<div class=\"elementor-element elementor-element-8f3da11 elementor-widget elementor-widget-themedraft_button_widget\" data-id=\"8f3da11\" data-element_type=\"widget\" data-e-type=\"widget\" data-widget_type=\"themedraft_button_widget.default\">\n\t\t\t\t<div class=\"elementor-widget-container\">\n\t\t\t\t\t\n\t\t<div class=\"themedraft-button-wrapper td-button-el-widget\">\n\t\t\t<a href=\"https:\/\/api.whatsapp.com\/send\/?phone=905079884109&#038;text&#038;type=phone_number&#038;app_absent=0\" class=\"themedraft-button td-button themedraft-button-one\" >WhatsApp                <i class=\"fas fa-plus\"><\/i>\n            <\/a>\n\n\t\t\t\n                \n                <a class=\"td-call-button\" href=\"tel:+90%20507%20988%2041%2009\">\n                    <i class=\"flaticon-phone-call\"><\/i>\n                    <span class=\"td-call-button-text\">+90 507 988 41 09<\/span>\n                <\/a>\n                \t\t\t\t\t<\/div>\n\t\t\t\t\t\t<\/div>\n\t\t\t\t<\/div>\n\t\t\t\t\t<\/div>\n\t\t<\/div>\n\t\t\t\t<div class=\"elementor-column elementor-col-50 elementor-top-column elementor-element elementor-element-5ceb424b\" data-id=\"5ceb424b\" data-element_type=\"column\" data-e-type=\"column\">\n\t\t\t<div class=\"elementor-widget-wrap elementor-element-populated\">\n\t\t\t\t\t\t<div class=\"elementor-element elementor-element-57bbf0af elementor-widget elementor-widget-themedraft_image_with_caption\" data-id=\"57bbf0af\" data-element_type=\"widget\" data-e-type=\"widget\" data-widget_type=\"themedraft_image_with_caption.default\">\n\t\t\t\t<div class=\"elementor-widget-container\">\n\t\t\t\t\t\n\t\t<div class=\"td-img-caption-wrapper td-secondary-font\">\n            <div class=\"td-caption-images\">\n                <div class=\"td-caption-img-one td-cover-bg\" style=\"background-image: url(https:\/\/panoramahairturkey.com\/wp-content\/uploads\/2024\/08\/About-as-ic-sayfa.png)\"><\/div>\n                <div class=\"td-caption-img-two td-cover-bg\" style=\"background-image: url()\"><\/div>\n\n                <div class=\"td-img-caption\">\n                    <span>11<\/span> Anni di esperienza nel trapianto di capelli                <\/div>\n            <\/div>\n\t\t<\/div>\n\n\t\t\t\t\t\t<\/div>\n\t\t\t\t<\/div>\n\t\t\t\t\t<\/div>\n\t\t<\/div>\n\t\t\t\t\t<\/div>\n\t\t<\/section>\n\t\t\t\t<section class=\"elementor-section elementor-top-section elementor-element elementor-element-5631ca09 elementor-section-stretched elementor-section-boxed elementor-section-height-default elementor-section-height-default\" data-id=\"5631ca09\" data-element_type=\"section\" data-e-type=\"section\" data-settings=\"{&quot;stretch_section&quot;:&quot;section-stretched&quot;}\">\n\t\t\t\t\t\t<div class=\"elementor-container elementor-column-gap-default\">\n\t\t\t\t\t<div class=\"elementor-column elementor-col-33 elementor-top-column elementor-element elementor-element-2183edc5\" data-id=\"2183edc5\" data-element_type=\"column\" data-e-type=\"column\">\n\t\t\t<div class=\"elementor-widget-wrap elementor-element-populated\">\n\t\t\t\t\t\t<div class=\"elementor-element elementor-element-5a358cda elementor-widget elementor-widget-themedraft_section_title\" data-id=\"5a358cda\" data-element_type=\"widget\" data-e-type=\"widget\" data-widget_type=\"themedraft_section_title.default\">\n\t\t\t\t<div class=\"elementor-widget-container\">\n\t\t\t\t\t\n\t\t<div class=\"td-section-title-wrapper\">\n            <div class=\"td-section-title-content td-secondary-font\">\n                                    <div class=\"td-section-title-bg-text left\">\n                        Faqs                    <\/div>\n                \n                                    <div class=\"td-section-subtitle td-primary-color\">\n                        Perch\u00e9 scegliere noi                    <\/div>\n                \n                                    <div class=\"td-section-title\">\n                        <h1>Perch\u00e9 scegliere Panorama Hair Turkey?<\/h1>                    <\/div>\n                                        <div class=\"title-bottom-line\" style=\"background-image: url(https:\/\/demo.themedraft.net\/wp\/doctio\/wp-content\/uploads\/2022\/06\/line-8.png)\"><\/div>\n                                                <\/div>\n\t\t<\/div>\n\t\t\t\t\t\t<\/div>\n\t\t\t\t<\/div>\n\t\t\t\t<div class=\"elementor-element elementor-element-6fad022 elementor-widget elementor-widget-themedraft_text\" data-id=\"6fad022\" data-element_type=\"widget\" data-e-type=\"widget\" data-widget_type=\"themedraft_text.default\">\n\t\t\t\t<div class=\"elementor-widget-container\">\n\t\t\t\t\t\n\t\t<div class=\"td-text-wrapper\">\n\t\t\t<p><span style=\"font-weight: 400;\">Noi di Panorama Hair Turkey ridefiniamo gli standard del restauro dei capelli grazie alla nostra impareggiabile esperienza e al nostro impegno per l'eccellenza. Ecco perch\u00e9 siamo la scelta migliore per il vostro percorso di restauro dei capelli:<\/span><\/p>\n            \n            <div class=\"td-text-btn-wrapper\">\n                <a class=\"td-text-button\" href=\"\/it\/contact-us\/\" >Contatto <i class=\"fas fa-angle-double-right\"><\/i><\/a>\n            <\/div>\n            \t\t<\/div>\n\n\t\t\t\t\t\t<\/div>\n\t\t\t\t<\/div>\n\t\t\t\t\t<\/div>\n\t\t<\/div>\n\t\t\t\t<div class=\"elementor-column elementor-col-66 elementor-top-column elementor-element elementor-element-5a72fc58\" data-id=\"5a72fc58\" data-element_type=\"column\" data-e-type=\"column\">\n\t\t\t<div class=\"elementor-widget-wrap elementor-element-populated\">\n\t\t\t\t\t\t<div class=\"elementor-element elementor-element-4200fb7 elementor-widget elementor-widget-themeDraft_accordion\" data-id=\"4200fb7\" data-element_type=\"widget\" data-e-type=\"widget\" data-widget_type=\"themeDraft_accordion.default\">\n\t\t\t\t<div class=\"elementor-widget-container\">\n\t\t\t\t\t        <div class=\"td-accordion-wrapper td-accordion-wrapper-92000\">\n            <div class=\"accordion\" id=\"td-accordion-92000\">\n\n\t\t\t\t                        <div class=\"accordion-item\">\n                            <h2 class=\"accordion-header\">\n                                <button class=\"accordion-button\" type=\"button\" data-bs-toggle=\"collapse\" data-bs-target=\"#collapse-192000\" aria-expanded=\"true\" aria-controls=\"collapse-192000\">\n\t\t\t\t\t\t\t\t\t01. Tecniche avanzate:\n                                <\/button>\n                            <\/h2>\n\n                            <div id=\"collapse-192000\" class=\"accordion-collapse collapse show\" data-bs-parent=\"#td-accordion-92000\">\n                                <div class=\"accordion-body\">\n\t\t\t\t\t\t\t\t\t<p><span style=\"font-weight: 400\">Il nostro centro \u00e8 rinomato per l'impiego delle pi\u00f9 avanzate tecniche di microchirurgia, tra cui Sapphire FUE, DHI (Direct Hair Implantation) e Sapphire. Questi metodi all'avanguardia garantiscono risultati ottimali con tempi di inattivit\u00e0 minimi, offrendo una soluzione permanente ed esteticamente gradevole alla perdita dei capelli.<\/span><\/p>                                <\/div>\n                            <\/div>\n                        <\/div>\n\t\t\t\t\t\t                        <div class=\"accordion-item\">\n                            <h2 class=\"accordion-header\">\n                                <button class=\"accordion-button collapsed\" type=\"button\" data-bs-toggle=\"collapse\" data-bs-target=\"#collapse-292000\" aria-expanded=\"false\" aria-controls=\"collapse-292000\">\n\t\t\t\t\t\t\t\t\t02. Reputazione internazionale:                                <\/button>\n                            <\/h2>\n\n                            <div id=\"collapse-292000\" class=\"accordion-collapse collapse\" data-bs-parent=\"#td-accordion-92000\">\n                                <div class=\"accordion-body\">\n\t\t\t\t\t\t\t\t\t<p><span style=\"font-weight: 400\">Come destinazione leader del turismo sanitario internazionale, la Turchia attrae pazienti da tutto il mondo in cerca di cure mediche di alto livello. Panorama Hair Turkey \u00e8 orgoglioso di accogliere pazienti provenienti da ogni angolo del mondo, offrendo loro cure eccezionali e soluzioni all'avanguardia, adatte alle loro esigenze specifiche.<\/span><\/p><p><span style=\"font-weight: 400\">Provate la differenza di lavorare con i migliori. Scegliete Panorama Hair Turkey per un viaggio verso una rinnovata fiducia e risultati eccezionali.<\/span><\/p>                                <\/div>\n                            <\/div>\n                        <\/div>\n\t\t\t\t\t\t            <\/div>\n        <\/div>\n\t\t\t\t\t\t<\/div>\n\t\t\t\t<\/div>\n\t\t\t\t\t<\/div>\n\t\t<\/div>\n\t\t\t\t\t<\/div>\n\t\t<\/section>\n\t\t\t\t<\/div>","protected":false},"excerpt":{"rendered":"<p>About About Us Best Hair Transplant Turkey, Istanbul Specialist Mustafa \u00dcst\u00fcnda\u011f is internationally recognized as a top hair transplant specialist in Turkey. With over a decade of experience, he and his esteemed medical team have performed more than 9,000 successful hair transplants, setting a benchmark in the field of hair restoration. His expertise and dedication [&hellip;]<\/p>\n","protected":false},"author":1,"featured_media":0,"parent":0,"menu_order":0,"comment_status":"closed","ping_status":"closed","template":"","meta":{"footnotes":""},"class_list":["post-608","page","type-page","status-publish","hentry"],"yoast_head":"<!-- This site is optimized with the Yoast SEO plugin v27.5 - https:\/\/yoast.com\/product\/yoast-seo-wordpress\/ -->\n<title>About Us - Best Hair Transplant in Turkey 2025 Cost<\/title>\n<meta name=\"description\" content=\"We produce natural and permanent hair solutions with our expert team. Contact us today for your new look and healthy solutions!\" \/>\n<meta name=\"robots\" content=\"index, follow, max-snippet:-1, max-image-preview:large, max-video-preview:-1\" \/>\n<link rel=\"canonical\" href=\"https:\/\/panoramahairturkey.com\/it\/about-us\/\" \/>\n<meta property=\"og:locale\" content=\"it_IT\" \/>\n<meta property=\"og:type\" content=\"article\" \/>\n<meta property=\"og:title\" content=\"About Us - Best Hair Transplant in Turkey 2025 Cost\" \/>\n<meta property=\"og:description\" content=\"We produce natural and permanent hair solutions with our expert team. Contact us today for your new look and healthy solutions!\" \/>\n<meta property=\"og:url\" content=\"https:\/\/panoramahairturkey.com\/it\/about-us\/\" \/>\n<meta property=\"og:site_name\" content=\"Best Hair Transplant in Turkey 2025 Cost\" \/>\n<meta property=\"article:modified_time\" content=\"2024-10-29T10:34:22+00:00\" \/>\n<meta name=\"twitter:card\" content=\"summary_large_image\" \/>\n<meta name=\"twitter:label1\" content=\"Tempo di lettura stimato\" \/>\n\t<meta name=\"twitter:data1\" content=\"3 minuti\" \/>\n<script type=\"application\/ld+json\" class=\"yoast-schema-graph\">{\"@context\":\"https:\\\/\\\/schema.org\",\"@graph\":[{\"@type\":\"WebPage\",\"@id\":\"https:\\\/\\\/panoramahairturkey.com\\\/about-us\\\/\",\"url\":\"https:\\\/\\\/panoramahairturkey.com\\\/about-us\\\/\",\"name\":\"About Us - Best Hair Transplant in Turkey 2025 Cost\",\"isPartOf\":{\"@id\":\"https:\\\/\\\/panoramahairturkey.com\\\/#website\"},\"datePublished\":\"2022-06-10T19:22:20+00:00\",\"dateModified\":\"2024-10-29T10:34:22+00:00\",\"description\":\"We produce natural and permanent hair solutions with our expert team. Contact us today for your new look and healthy solutions!\",\"breadcrumb\":{\"@id\":\"https:\\\/\\\/panoramahairturkey.com\\\/about-us\\\/#breadcrumb\"},\"inLanguage\":\"it-IT\",\"potentialAction\":[{\"@type\":\"ReadAction\",\"target\":[\"https:\\\/\\\/panoramahairturkey.com\\\/about-us\\\/\"]}]},{\"@type\":\"BreadcrumbList\",\"@id\":\"https:\\\/\\\/panoramahairturkey.com\\\/about-us\\\/#breadcrumb\",\"itemListElement\":[{\"@type\":\"ListItem\",\"position\":1,\"name\":\"Anasayfa\",\"item\":\"https:\\\/\\\/panoramahairturkey.com\\\/\"},{\"@type\":\"ListItem\",\"position\":2,\"name\":\"About Us\"}]},{\"@type\":\"WebSite\",\"@id\":\"https:\\\/\\\/panoramahairturkey.com\\\/#website\",\"url\":\"https:\\\/\\\/panoramahairturkey.com\\\/\",\"name\":\"Best Hair Transplant in Turkey 2025 Cost\",\"description\":\"\",\"publisher\":{\"@id\":\"https:\\\/\\\/panoramahairturkey.com\\\/#organization\"},\"potentialAction\":[{\"@type\":\"SearchAction\",\"target\":{\"@type\":\"EntryPoint\",\"urlTemplate\":\"https:\\\/\\\/panoramahairturkey.com\\\/?s={search_term_string}\"},\"query-input\":{\"@type\":\"PropertyValueSpecification\",\"valueRequired\":true,\"valueName\":\"search_term_string\"}}],\"inLanguage\":\"it-IT\"},{\"@type\":\"Organization\",\"@id\":\"https:\\\/\\\/panoramahairturkey.com\\\/#organization\",\"name\":\"Best Hair Transplant in Turkey 2025 Cost\",\"url\":\"https:\\\/\\\/panoramahairturkey.com\\\/\",\"logo\":{\"@type\":\"ImageObject\",\"inLanguage\":\"it-IT\",\"@id\":\"https:\\\/\\\/panoramahairturkey.com\\\/#\\\/schema\\\/logo\\\/image\\\/\",\"url\":\"https:\\\/\\\/panoramahairturkey.com\\\/wp-content\\\/uploads\\\/2024\\\/08\\\/cropped-panorama-logo-1-3.webp\",\"contentUrl\":\"https:\\\/\\\/panoramahairturkey.com\\\/wp-content\\\/uploads\\\/2024\\\/08\\\/cropped-panorama-logo-1-3.webp\",\"width\":1538,\"height\":461,\"caption\":\"Best Hair Transplant in Turkey 2025 Cost\"},\"image\":{\"@id\":\"https:\\\/\\\/panoramahairturkey.com\\\/#\\\/schema\\\/logo\\\/image\\\/\"}}]}<\/script>\n<!-- \/ Yoast SEO plugin. -->","yoast_head_json":{"title":"About Us - Best Hair Transplant in Turkey 2025 Cost","description":"We produce natural and permanent hair solutions with our expert team. Contact us today for your new look and healthy solutions!","robots":{"index":"index","follow":"follow","max-snippet":"max-snippet:-1","max-image-preview":"max-image-preview:large","max-video-preview":"max-video-preview:-1"},"canonical":"https:\/\/panoramahairturkey.com\/it\/about-us\/","og_locale":"it_IT","og_type":"article","og_title":"About Us - Best Hair Transplant in Turkey 2025 Cost","og_description":"We produce natural and permanent hair solutions with our expert team. Contact us today for your new look and healthy solutions!","og_url":"https:\/\/panoramahairturkey.com\/it\/about-us\/","og_site_name":"Best Hair Transplant in Turkey 2025 Cost","article_modified_time":"2024-10-29T10:34:22+00:00","twitter_card":"summary_large_image","twitter_misc":{"Tempo di lettura stimato":"3 minuti"},"schema":{"@context":"https:\/\/schema.org","@graph":[{"@type":"WebPage","@id":"https:\/\/panoramahairturkey.com\/about-us\/","url":"https:\/\/panoramahairturkey.com\/about-us\/","name":"About Us - Best Hair Transplant in Turkey 2025 Cost","isPartOf":{"@id":"https:\/\/panoramahairturkey.com\/#website"},"datePublished":"2022-06-10T19:22:20+00:00","dateModified":"2024-10-29T10:34:22+00:00","description":"We produce natural and permanent hair solutions with our expert team. Contact us today for your new look and healthy solutions!","breadcrumb":{"@id":"https:\/\/panoramahairturkey.com\/about-us\/#breadcrumb"},"inLanguage":"it-IT","potentialAction":[{"@type":"ReadAction","target":["https:\/\/panoramahairturkey.com\/about-us\/"]}]},{"@type":"BreadcrumbList","@id":"https:\/\/panoramahairturkey.com\/about-us\/#breadcrumb","itemListElement":[{"@type":"ListItem","position":1,"name":"Anasayfa","item":"https:\/\/panoramahairturkey.com\/"},{"@type":"ListItem","position":2,"name":"About Us"}]},{"@type":"WebSite","@id":"https:\/\/panoramahairturkey.com\/#website","url":"https:\/\/panoramahairturkey.com\/","name":"Best Hair Transplant in Turkey 2025 Cost","description":"","publisher":{"@id":"https:\/\/panoramahairturkey.com\/#organization"},"potentialAction":[{"@type":"SearchAction","target":{"@type":"EntryPoint","urlTemplate":"https:\/\/panoramahairturkey.com\/?s={search_term_string}"},"query-input":{"@type":"PropertyValueSpecification","valueRequired":true,"valueName":"search_term_string"}}],"inLanguage":"it-IT"},{"@type":"Organization","@id":"https:\/\/panoramahairturkey.com\/#organization","name":"Best Hair Transplant in Turkey 2025 Cost","url":"https:\/\/panoramahairturkey.com\/","logo":{"@type":"ImageObject","inLanguage":"it-IT","@id":"https:\/\/panoramahairturkey.com\/#\/schema\/logo\/image\/","url":"https:\/\/panoramahairturkey.com\/wp-content\/uploads\/2024\/08\/cropped-panorama-logo-1-3.webp","contentUrl":"https:\/\/panoramahairturkey.com\/wp-content\/uploads\/2024\/08\/cropped-panorama-logo-1-3.webp","width":1538,"height":461,"caption":"Best Hair Transplant in Turkey 2025 Cost"},"image":{"@id":"https:\/\/panoramahairturkey.com\/#\/schema\/logo\/image\/"}}]}},"_links":{"self":[{"href":"https:\/\/panoramahairturkey.com\/it\/wp-json\/wp\/v2\/pages\/608","targetHints":{"allow":["GET"]}}],"collection":[{"href":"https:\/\/panoramahairturkey.com\/it\/wp-json\/wp\/v2\/pages"}],"about":[{"href":"https:\/\/panoramahairturkey.com\/it\/wp-json\/wp\/v2\/types\/page"}],"author":[{"embeddable":true,"href":"https:\/\/panoramahairturkey.com\/it\/wp-json\/wp\/v2\/users\/1"}],"replies":[{"embeddable":true,"href":"https:\/\/panoramahairturkey.com\/it\/wp-json\/wp\/v2\/comments?post=608"}],"version-history":[{"count":0,"href":"https:\/\/panoramahairturkey.com\/it\/wp-json\/wp\/v2\/pages\/608\/revisions"}],"wp:attachment":[{"href":"https:\/\/panoramahairturkey.com\/it\/wp-json\/wp\/v2\/media?parent=608"}],"curies":[{"name":"wp","href":"https:\/\/api.w.org\/{rel}","templated":true}]}}