
{"id":1018,"date":"2022-06-11T10:42:43","date_gmt":"2022-06-11T10:42:43","guid":{"rendered":"https:\/\/demo.themedraft.net\/wp\/doctio\/?page_id=1018"},"modified":"2024-10-29T10:53:06","modified_gmt":"2024-10-29T10:53:06","slug":"f-a-q","status":"publish","type":"page","link":"https:\/\/panoramahairturkey.com\/it\/f-a-q\/","title":{"rendered":"F.A.Q"},"content":{"rendered":"<div data-elementor-type=\"wp-page\" data-elementor-id=\"1018\" class=\"elementor elementor-1018\" data-elementor-post-type=\"page\">\n\t\t\t\t\t\t<section class=\"elementor-section elementor-top-section elementor-element elementor-element-87880e2 elementor-section-stretched elementor-section-boxed elementor-section-height-default elementor-section-height-default\" data-id=\"87880e2\" data-element_type=\"section\" data-e-type=\"section\" data-settings=\"{&quot;stretch_section&quot;:&quot;section-stretched&quot;}\">\n\t\t\t\t\t\t<div class=\"elementor-container elementor-column-gap-default\">\n\t\t\t\t\t<div class=\"elementor-column elementor-col-100 elementor-top-column elementor-element elementor-element-373a530\" data-id=\"373a530\" data-element_type=\"column\" data-e-type=\"column\">\n\t\t\t<div class=\"elementor-widget-wrap elementor-element-populated\">\n\t\t\t\t\t\t<div class=\"elementor-element elementor-element-be14ec1 elementor-widget elementor-widget-themedraft_section_title\" data-id=\"be14ec1\" data-element_type=\"widget\" data-e-type=\"widget\" data-widget_type=\"themedraft_section_title.default\">\n\t\t\t\t<div class=\"elementor-widget-container\">\n\t\t\t\t\t\n\t\t<div class=\"td-section-title-wrapper\">\n            <div class=\"td-section-title-content td-secondary-font\">\n                                    <div class=\"td-section-title-bg-text center\">\n                        Faqs                    <\/div>\n                \n                                    <div class=\"td-section-subtitle td-primary-color\">\n                        FAQs                    <\/div>\n                \n                                    <div class=\"td-section-title\">\n                        <h5>Domande Frequenti<\/h5>                    <\/div>\n                                        <div class=\"title-bottom-line\" style=\"background-image: url(https:\/\/demo.themedraft.net\/wp\/doctio\/wp-content\/uploads\/2022\/06\/line-1.png)\"><\/div>\n                                                <\/div>\n\t\t<\/div>\n\t\t\t\t\t\t<\/div>\n\t\t\t\t<\/div>\n\t\t\t\t\t<\/div>\n\t\t<\/div>\n\t\t\t\t\t<\/div>\n\t\t<\/section>\n\t\t\t\t<section class=\"elementor-section elementor-top-section elementor-element elementor-element-41ddc21 elementor-section-stretched elementor-section-boxed elementor-section-height-default elementor-section-height-default\" data-id=\"41ddc21\" data-element_type=\"section\" data-e-type=\"section\" data-settings=\"{&quot;stretch_section&quot;:&quot;section-stretched&quot;}\">\n\t\t\t\t\t\t<div class=\"elementor-container elementor-column-gap-default\">\n\t\t\t\t\t<div class=\"elementor-column elementor-col-50 elementor-top-column elementor-element elementor-element-7a5b7b9\" data-id=\"7a5b7b9\" data-element_type=\"column\" data-e-type=\"column\">\n\t\t\t<div class=\"elementor-widget-wrap elementor-element-populated\">\n\t\t\t\t\t\t<div class=\"elementor-element elementor-element-251cb63 elementor-widget elementor-widget-themeDraft_accordion\" data-id=\"251cb63\" data-element_type=\"widget\" data-e-type=\"widget\" data-widget_type=\"themeDraft_accordion.default\">\n\t\t\t\t<div class=\"elementor-widget-container\">\n\t\t\t\t\t        <div class=\"td-accordion-wrapper td-accordion-wrapper-27558\">\n            <div class=\"accordion\" id=\"td-accordion-27558\">\n\n\t\t\t\t                        <div class=\"accordion-item\">\n                            <h2 class=\"accordion-header\">\n                                <button class=\"accordion-button\" type=\"button\" data-bs-toggle=\"collapse\" data-bs-target=\"#collapse-127558\" aria-expanded=\"true\" aria-controls=\"collapse-127558\">\n\t\t\t\t\t\t\t\t\tL'intervento di trapianto di capelli \u00e8 doloroso?                                <\/button>\n                            <\/h2>\n\n                            <div id=\"collapse-127558\" class=\"accordion-collapse collapse show\" data-bs-parent=\"#td-accordion-27558\">\n                                <div class=\"accordion-body\">\n\t\t\t\t\t\t\t\t\t<p><span style=\"font-weight: 400\">La maggior parte dei pazienti avverte un disagio minimo durante la procedura, poich\u00e9 l'anestesia locale viene utilizzata per addormentare il cuoio capelluto. In seguito si pu\u00f2 avvertire un po' di indolenzimento o sensibilit\u00e0, ma di solito \u00e8 gestibile con gli antidolorifici da banco.<\/span><\/p>                                <\/div>\n                            <\/div>\n                        <\/div>\n\t\t\t\t\t\t                        <div class=\"accordion-item\">\n                            <h2 class=\"accordion-header\">\n                                <button class=\"accordion-button collapsed\" type=\"button\" data-bs-toggle=\"collapse\" data-bs-target=\"#collapse-227558\" aria-expanded=\"false\" aria-controls=\"collapse-227558\">\n\t\t\t\t\t\t\t\t\tQuanto dura il recupero?                                <\/button>\n                            <\/h2>\n\n                            <div id=\"collapse-227558\" class=\"accordion-collapse collapse\" data-bs-parent=\"#td-accordion-27558\">\n                                <div class=\"accordion-body\">\n\t\t\t\t\t\t\t\t\t<p><span style=\"font-weight: 400\">I tempi di recupero variano da individuo a individuo, ma la maggior parte delle persone pu\u00f2 riprendere le normali attivit\u00e0 entro pochi giorni. Possono verificarsi gonfiore e arrossamento iniziali, ma in genere si attenuano entro una o due settimane. I risultati completi sono generalmente visibili dopo 6-12 mesi.<\/span><\/p>                                <\/div>\n                            <\/div>\n                        <\/div>\n\t\t\t\t\t\t                        <div class=\"accordion-item\">\n                            <h2 class=\"accordion-header\">\n                                <button class=\"accordion-button collapsed\" type=\"button\" data-bs-toggle=\"collapse\" data-bs-target=\"#collapse-327558\" aria-expanded=\"false\" aria-controls=\"collapse-327558\">\n\t\t\t\t\t\t\t\t\tQuando vedr\u00f2 i risultati del mio trapianto di capelli?                                <\/button>\n                            <\/h2>\n\n                            <div id=\"collapse-327558\" class=\"accordion-collapse collapse\" data-bs-parent=\"#td-accordion-27558\">\n                                <div class=\"accordion-body\">\n\t\t\t\t\t\t\t\t\t<p><span style=\"font-weight: 400\">La crescita dei capelli inizia in genere circa 3-4 mesi dopo l'intervento, con miglioramenti evidenti dopo 6-9 mesi. I risultati completi possono richiedere fino a 12 mesi per essere visibili.<\/span><\/p>                                <\/div>\n                            <\/div>\n                        <\/div>\n\t\t\t\t\t\t                        <div class=\"accordion-item\">\n                            <h2 class=\"accordion-header\">\n                                <button class=\"accordion-button collapsed\" type=\"button\" data-bs-toggle=\"collapse\" data-bs-target=\"#collapse-427558\" aria-expanded=\"false\" aria-controls=\"collapse-427558\">\n\t\t\t\t\t\t\t\t\tQuali sono le tecniche utilizzate per il trapianto di capelli in Turchia e quali sono i loro costi?                                <\/button>\n                            <\/h2>\n\n                            <div id=\"collapse-427558\" class=\"accordion-collapse collapse\" data-bs-parent=\"#td-accordion-27558\">\n                                <div class=\"accordion-body\">\n\t\t\t\t\t\t\t\t\t<p>Per il trapianto di capelli in Turchia si utilizzano diverse tecniche, tra cui FUE (Follicular Unit Extraction), DHI (Direct Hair Implantation) e Sapphire FUE. I costi possono variare a seconda della tecnica scelta: la FUE \u00e8 generalmente la pi\u00f9 accessibile, mentre i metodi DHI e Sapphire possono avere prezzi pi\u00f9 elevati grazie alla loro tecnologia avanzata.<\/p>                                <\/div>\n                            <\/div>\n                        <\/div>\n\t\t\t\t\t\t            <\/div>\n        <\/div>\n\t\t\t\t\t\t<\/div>\n\t\t\t\t<\/div>\n\t\t\t\t\t<\/div>\n\t\t<\/div>\n\t\t\t\t<div class=\"elementor-column elementor-col-50 elementor-top-column elementor-element elementor-element-db21450\" data-id=\"db21450\" data-element_type=\"column\" data-e-type=\"column\">\n\t\t\t<div class=\"elementor-widget-wrap elementor-element-populated\">\n\t\t\t\t\t\t<div class=\"elementor-element elementor-element-a9d696a elementor-widget elementor-widget-themeDraft_accordion\" data-id=\"a9d696a\" data-element_type=\"widget\" data-e-type=\"widget\" data-widget_type=\"themeDraft_accordion.default\">\n\t\t\t\t<div class=\"elementor-widget-container\">\n\t\t\t\t\t        <div class=\"td-accordion-wrapper td-accordion-wrapper-72509\">\n            <div class=\"accordion\" id=\"td-accordion-72509\">\n\n\t\t\t\t                        <div class=\"accordion-item\">\n                            <h2 class=\"accordion-header\">\n                                <button class=\"accordion-button\" type=\"button\" data-bs-toggle=\"collapse\" data-bs-target=\"#collapse-172509\" aria-expanded=\"true\" aria-controls=\"collapse-172509\">\n\t\t\t\t\t\t\t\t\tI risultati di un trapianto di capelli sono permanenti?                                <\/button>\n                            <\/h2>\n\n                            <div id=\"collapse-172509\" class=\"accordion-collapse collapse show\" data-bs-parent=\"#td-accordion-72509\">\n                                <div class=\"accordion-body\">\n\t\t\t\t\t\t\t\t\t<p><span style=\"font-weight: 400\">S\u00ec, il trapianto di capelli fornisce generalmente risultati permanenti. I follicoli trapiantati sono prelevati da aree resistenti alla caduta dei capelli, quindi continuano a crescere anche nella nuova sede.<\/span><\/p>                                <\/div>\n                            <\/div>\n                        <\/div>\n\t\t\t\t\t\t                        <div class=\"accordion-item\">\n                            <h2 class=\"accordion-header\">\n                                <button class=\"accordion-button collapsed\" type=\"button\" data-bs-toggle=\"collapse\" data-bs-target=\"#collapse-272509\" aria-expanded=\"false\" aria-controls=\"collapse-272509\">\n\t\t\t\t\t\t\t\t\tCome scegliere la clinica giusta per il trapianto di capelli?                                <\/button>\n                            <\/h2>\n\n                            <div id=\"collapse-272509\" class=\"accordion-collapse collapse\" data-bs-parent=\"#td-accordion-72509\">\n                                <div class=\"accordion-body\">\n\t\t\t\t\t\t\t\t\t<p><span style=\"font-weight: 400\">Cercate una clinica con un curriculum comprovato, chirurghi esperti e recensioni positive dei pazienti. \u00c8 inoltre importante assicurarsi che la clinica utilizzi tecniche avanzate e fornisca un'assistenza completa prima e dopo l'intervento.<\/span><\/p>                                <\/div>\n                            <\/div>\n                        <\/div>\n\t\t\t\t\t\t                        <div class=\"accordion-item\">\n                            <h2 class=\"accordion-header\">\n                                <button class=\"accordion-button collapsed\" type=\"button\" data-bs-toggle=\"collapse\" data-bs-target=\"#collapse-372509\" aria-expanded=\"false\" aria-controls=\"collapse-372509\">\n\t\t\t\t\t\t\t\t\tQuanto costa un trapianto di capelli?                                <\/button>\n                            <\/h2>\n\n                            <div id=\"collapse-372509\" class=\"accordion-collapse collapse\" data-bs-parent=\"#td-accordion-72509\">\n                                <div class=\"accordion-body\">\n\t\t\t\t\t\t\t\t\t<p><span style=\"font-weight: 400\">Il costo di un trapianto di capelli varia a seconda della tecnica utilizzata, dell'entit\u00e0 dell'intervento e della sede della clinica. \u00c8 meglio consultare la clinica per un preventivo personalizzato e discutere le opzioni di finanziamento, se necessario.<\/span><\/p>                                <\/div>\n                            <\/div>\n                        <\/div>\n\t\t\t\t\t\t                        <div class=\"accordion-item\">\n                            <h2 class=\"accordion-header\">\n                                <button class=\"accordion-button collapsed\" type=\"button\" data-bs-toggle=\"collapse\" data-bs-target=\"#collapse-472509\" aria-expanded=\"false\" aria-controls=\"collapse-472509\">\n\t\t\t\t\t\t\t\t\tQuali fattori possono influenzare il costo del trapianto di capelli in Turchia?                                <\/button>\n                            <\/h2>\n\n                            <div id=\"collapse-472509\" class=\"accordion-collapse collapse\" data-bs-parent=\"#td-accordion-72509\">\n                                <div class=\"accordion-body\">\n\t\t\t\t\t\t\t\t\t<p>Il costo del trapianto di capelli in Turchia pu\u00f2 essere influenzato da diversi fattori, tra cui la tecnica specifica utilizzata, il numero di innesti necessari, la posizione della clinica, l'esperienza del chirurgo ed eventuali servizi aggiuntivi offerti, come il trasporto e l'alloggio. \u00c8 importante tenere conto di tutti questi fattori quando si valuta il costo dell'intervento.<\/p><p>\u00a0<\/p>                                <\/div>\n                            <\/div>\n                        <\/div>\n\t\t\t\t\t\t            <\/div>\n        <\/div>\n\t\t\t\t\t\t<\/div>\n\t\t\t\t<\/div>\n\t\t\t\t\t<\/div>\n\t\t<\/div>\n\t\t\t\t\t<\/div>\n\t\t<\/section>\n\t\t\t\t<\/div>","protected":false},"excerpt":{"rendered":"<p>Faqs FAQs Frequently Asked Questions Is the hair transplant procedure painful? Most patients experience minimal discomfort during the procedure, as local anesthesia is used to numb the scalp. Some soreness or sensitivity may be felt afterward, but this is usually manageable with over-the-counter pain relievers. How long does the recovery take? Recovery time varies by [&hellip;]<\/p>\n","protected":false},"author":1,"featured_media":0,"parent":0,"menu_order":0,"comment_status":"closed","ping_status":"closed","template":"","meta":{"footnotes":""},"class_list":["post-1018","page","type-page","status-publish","hentry"],"yoast_head":"<!-- This site is optimized with the Yoast SEO plugin v27.4 - https:\/\/yoast.com\/product\/yoast-seo-wordpress\/ -->\n<title>F.A.Q - Best Hair Transplant in Turkey 2025 Cost<\/title>\n<meta name=\"description\" content=\"Discover the most frequently asked questions about hair transplantation! With F.A.Q. you can find answers to all your questions.\" \/>\n<meta name=\"robots\" content=\"index, follow, max-snippet:-1, max-image-preview:large, max-video-preview:-1\" \/>\n<link rel=\"canonical\" href=\"https:\/\/panoramahairturkey.com\/it\/f-a-q\/\" \/>\n<meta property=\"og:locale\" content=\"it_IT\" \/>\n<meta property=\"og:type\" content=\"article\" \/>\n<meta property=\"og:title\" content=\"F.A.Q - Best Hair Transplant in Turkey 2025 Cost\" \/>\n<meta property=\"og:description\" content=\"Discover the most frequently asked questions about hair transplantation! With F.A.Q. you can find answers to all your questions.\" \/>\n<meta property=\"og:url\" content=\"https:\/\/panoramahairturkey.com\/it\/f-a-q\/\" \/>\n<meta property=\"og:site_name\" content=\"Best Hair Transplant in Turkey 2025 Cost\" \/>\n<meta property=\"article:modified_time\" content=\"2024-10-29T10:53:06+00:00\" \/>\n<meta name=\"twitter:card\" content=\"summary_large_image\" \/>\n<meta name=\"twitter:label1\" content=\"Tempo di lettura stimato\" \/>\n\t<meta name=\"twitter:data1\" content=\"3 minuti\" \/>\n<script type=\"application\/ld+json\" class=\"yoast-schema-graph\">{\"@context\":\"https:\\\/\\\/schema.org\",\"@graph\":[{\"@type\":\"WebPage\",\"@id\":\"https:\\\/\\\/panoramahairturkey.com\\\/f-a-q\\\/\",\"url\":\"https:\\\/\\\/panoramahairturkey.com\\\/f-a-q\\\/\",\"name\":\"F.A.Q - Best Hair Transplant in Turkey 2025 Cost\",\"isPartOf\":{\"@id\":\"https:\\\/\\\/panoramahairturkey.com\\\/#website\"},\"datePublished\":\"2022-06-11T10:42:43+00:00\",\"dateModified\":\"2024-10-29T10:53:06+00:00\",\"description\":\"Discover the most frequently asked questions about hair transplantation! With F.A.Q. you can find answers to all your questions.\",\"breadcrumb\":{\"@id\":\"https:\\\/\\\/panoramahairturkey.com\\\/f-a-q\\\/#breadcrumb\"},\"inLanguage\":\"it-IT\",\"potentialAction\":[{\"@type\":\"ReadAction\",\"target\":[\"https:\\\/\\\/panoramahairturkey.com\\\/f-a-q\\\/\"]}]},{\"@type\":\"BreadcrumbList\",\"@id\":\"https:\\\/\\\/panoramahairturkey.com\\\/f-a-q\\\/#breadcrumb\",\"itemListElement\":[{\"@type\":\"ListItem\",\"position\":1,\"name\":\"Anasayfa\",\"item\":\"https:\\\/\\\/panoramahairturkey.com\\\/\"},{\"@type\":\"ListItem\",\"position\":2,\"name\":\"F.A.Q\"}]},{\"@type\":\"WebSite\",\"@id\":\"https:\\\/\\\/panoramahairturkey.com\\\/#website\",\"url\":\"https:\\\/\\\/panoramahairturkey.com\\\/\",\"name\":\"Best Hair Transplant in Turkey 2025 Cost\",\"description\":\"\",\"publisher\":{\"@id\":\"https:\\\/\\\/panoramahairturkey.com\\\/#organization\"},\"potentialAction\":[{\"@type\":\"SearchAction\",\"target\":{\"@type\":\"EntryPoint\",\"urlTemplate\":\"https:\\\/\\\/panoramahairturkey.com\\\/?s={search_term_string}\"},\"query-input\":{\"@type\":\"PropertyValueSpecification\",\"valueRequired\":true,\"valueName\":\"search_term_string\"}}],\"inLanguage\":\"it-IT\"},{\"@type\":\"Organization\",\"@id\":\"https:\\\/\\\/panoramahairturkey.com\\\/#organization\",\"name\":\"Best Hair Transplant in Turkey 2025 Cost\",\"url\":\"https:\\\/\\\/panoramahairturkey.com\\\/\",\"logo\":{\"@type\":\"ImageObject\",\"inLanguage\":\"it-IT\",\"@id\":\"https:\\\/\\\/panoramahairturkey.com\\\/#\\\/schema\\\/logo\\\/image\\\/\",\"url\":\"https:\\\/\\\/panoramahairturkey.com\\\/wp-content\\\/uploads\\\/2024\\\/08\\\/cropped-panorama-logo-1-3.webp\",\"contentUrl\":\"https:\\\/\\\/panoramahairturkey.com\\\/wp-content\\\/uploads\\\/2024\\\/08\\\/cropped-panorama-logo-1-3.webp\",\"width\":1538,\"height\":461,\"caption\":\"Best Hair Transplant in Turkey 2025 Cost\"},\"image\":{\"@id\":\"https:\\\/\\\/panoramahairturkey.com\\\/#\\\/schema\\\/logo\\\/image\\\/\"}}]}<\/script>\n<!-- \/ Yoast SEO plugin. -->","yoast_head_json":{"title":"F.A.Q - Best Hair Transplant in Turkey 2025 Cost","description":"Discover the most frequently asked questions about hair transplantation! With F.A.Q. you can find answers to all your questions.","robots":{"index":"index","follow":"follow","max-snippet":"max-snippet:-1","max-image-preview":"max-image-preview:large","max-video-preview":"max-video-preview:-1"},"canonical":"https:\/\/panoramahairturkey.com\/it\/f-a-q\/","og_locale":"it_IT","og_type":"article","og_title":"F.A.Q - Best Hair Transplant in Turkey 2025 Cost","og_description":"Discover the most frequently asked questions about hair transplantation! With F.A.Q. you can find answers to all your questions.","og_url":"https:\/\/panoramahairturkey.com\/it\/f-a-q\/","og_site_name":"Best Hair Transplant in Turkey 2025 Cost","article_modified_time":"2024-10-29T10:53:06+00:00","twitter_card":"summary_large_image","twitter_misc":{"Tempo di lettura stimato":"3 minuti"},"schema":{"@context":"https:\/\/schema.org","@graph":[{"@type":"WebPage","@id":"https:\/\/panoramahairturkey.com\/f-a-q\/","url":"https:\/\/panoramahairturkey.com\/f-a-q\/","name":"F.A.Q - Best Hair Transplant in Turkey 2025 Cost","isPartOf":{"@id":"https:\/\/panoramahairturkey.com\/#website"},"datePublished":"2022-06-11T10:42:43+00:00","dateModified":"2024-10-29T10:53:06+00:00","description":"Discover the most frequently asked questions about hair transplantation! With F.A.Q. you can find answers to all your questions.","breadcrumb":{"@id":"https:\/\/panoramahairturkey.com\/f-a-q\/#breadcrumb"},"inLanguage":"it-IT","potentialAction":[{"@type":"ReadAction","target":["https:\/\/panoramahairturkey.com\/f-a-q\/"]}]},{"@type":"BreadcrumbList","@id":"https:\/\/panoramahairturkey.com\/f-a-q\/#breadcrumb","itemListElement":[{"@type":"ListItem","position":1,"name":"Anasayfa","item":"https:\/\/panoramahairturkey.com\/"},{"@type":"ListItem","position":2,"name":"F.A.Q"}]},{"@type":"WebSite","@id":"https:\/\/panoramahairturkey.com\/#website","url":"https:\/\/panoramahairturkey.com\/","name":"Best Hair Transplant in Turkey 2025 Cost","description":"","publisher":{"@id":"https:\/\/panoramahairturkey.com\/#organization"},"potentialAction":[{"@type":"SearchAction","target":{"@type":"EntryPoint","urlTemplate":"https:\/\/panoramahairturkey.com\/?s={search_term_string}"},"query-input":{"@type":"PropertyValueSpecification","valueRequired":true,"valueName":"search_term_string"}}],"inLanguage":"it-IT"},{"@type":"Organization","@id":"https:\/\/panoramahairturkey.com\/#organization","name":"Best Hair Transplant in Turkey 2025 Cost","url":"https:\/\/panoramahairturkey.com\/","logo":{"@type":"ImageObject","inLanguage":"it-IT","@id":"https:\/\/panoramahairturkey.com\/#\/schema\/logo\/image\/","url":"https:\/\/panoramahairturkey.com\/wp-content\/uploads\/2024\/08\/cropped-panorama-logo-1-3.webp","contentUrl":"https:\/\/panoramahairturkey.com\/wp-content\/uploads\/2024\/08\/cropped-panorama-logo-1-3.webp","width":1538,"height":461,"caption":"Best Hair Transplant in Turkey 2025 Cost"},"image":{"@id":"https:\/\/panoramahairturkey.com\/#\/schema\/logo\/image\/"}}]}},"_links":{"self":[{"href":"https:\/\/panoramahairturkey.com\/it\/wp-json\/wp\/v2\/pages\/1018","targetHints":{"allow":["GET"]}}],"collection":[{"href":"https:\/\/panoramahairturkey.com\/it\/wp-json\/wp\/v2\/pages"}],"about":[{"href":"https:\/\/panoramahairturkey.com\/it\/wp-json\/wp\/v2\/types\/page"}],"author":[{"embeddable":true,"href":"https:\/\/panoramahairturkey.com\/it\/wp-json\/wp\/v2\/users\/1"}],"replies":[{"embeddable":true,"href":"https:\/\/panoramahairturkey.com\/it\/wp-json\/wp\/v2\/comments?post=1018"}],"version-history":[{"count":0,"href":"https:\/\/panoramahairturkey.com\/it\/wp-json\/wp\/v2\/pages\/1018\/revisions"}],"wp:attachment":[{"href":"https:\/\/panoramahairturkey.com\/it\/wp-json\/wp\/v2\/media?parent=1018"}],"curies":[{"name":"wp","href":"https:\/\/api.w.org\/{rel}","templated":true}]}}