
{"id":608,"date":"2022-06-10T19:22:20","date_gmt":"2022-06-10T19:22:20","guid":{"rendered":"https:\/\/demo.themedraft.net\/wp\/doctio\/?page_id=608"},"modified":"2024-10-29T10:34:22","modified_gmt":"2024-10-29T10:34:22","slug":"about-us","status":"publish","type":"page","link":"https:\/\/panoramahairturkey.com\/fr\/about-us\/","title":{"rendered":"\u00c0 propos de nous"},"content":{"rendered":"<div data-elementor-type=\"wp-page\" data-elementor-id=\"608\" class=\"elementor elementor-608\" data-elementor-post-type=\"page\">\n\t\t\t\t\t\t<section class=\"elementor-section elementor-top-section elementor-element elementor-element-433d3c3b elementor-section-stretched elementor-section-boxed elementor-section-height-default elementor-section-height-default\" data-id=\"433d3c3b\" data-element_type=\"section\" data-e-type=\"section\" data-settings=\"{&quot;stretch_section&quot;:&quot;section-stretched&quot;}\">\n\t\t\t\t\t\t<div class=\"elementor-container elementor-column-gap-default\">\n\t\t\t\t\t<div class=\"elementor-column elementor-col-50 elementor-top-column elementor-element elementor-element-2ec804cd\" data-id=\"2ec804cd\" data-element_type=\"column\" data-e-type=\"column\">\n\t\t\t<div class=\"elementor-widget-wrap elementor-element-populated\">\n\t\t\t\t\t\t<div class=\"elementor-element elementor-element-7f8a77d3 elementor-widget elementor-widget-themedraft_section_title\" data-id=\"7f8a77d3\" data-element_type=\"widget\" data-e-type=\"widget\" data-widget_type=\"themedraft_section_title.default\">\n\t\t\t\t<div class=\"elementor-widget-container\">\n\t\t\t\t\t\n\t\t<div class=\"td-section-title-wrapper\">\n            <div class=\"td-section-title-content td-secondary-font\">\n                                    <div class=\"td-section-title-bg-text left\">\n                        About                    <\/div>\n                \n                                    <div class=\"td-section-subtitle td-primary-color\">\n                        \u00c0 propos de nous                    <\/div>\n                \n                                    <div class=\"td-section-title\">\n                        <h2>Meilleure greffe de cheveux en Turquie, Istanbul<\/h2>                    <\/div>\n                                        <div class=\"title-bottom-line\" style=\"background-image: url(https:\/\/demo.themedraft.net\/wp\/doctio\/wp-content\/uploads\/2022\/06\/line-1.png)\"><\/div>\n                                                <\/div>\n\t\t<\/div>\n\t\t\t\t\t\t<\/div>\n\t\t\t\t<\/div>\n\t\t\t\t<div class=\"elementor-element elementor-element-6b2eb3ed elementor-widget elementor-widget-themedraft_text\" data-id=\"6b2eb3ed\" data-element_type=\"widget\" data-e-type=\"widget\" data-widget_type=\"themedraft_text.default\">\n\t\t\t\t<div class=\"elementor-widget-container\">\n\t\t\t\t\t\n\t\t<div class=\"td-text-wrapper\">\n\t\t\t<p><span style=\"font-weight: 400;\">Le sp\u00e9cialiste Mustafa \u00dcst\u00fcnda\u011f est internationalement reconnu comme l'un des meilleurs sp\u00e9cialistes de la greffe de cheveux en Turquie. Avec plus d'une d\u00e9cennie d'exp\u00e9rience, lui et son \u00e9quipe m\u00e9dicale estim\u00e9e ont r\u00e9alis\u00e9 plus de 9 000 greffes de cheveux r\u00e9ussies, \u00e9tablissant une r\u00e9f\u00e9rence dans le domaine de la restauration capillaire. Son expertise et son d\u00e9vouement lui ont valu une r\u00e9putation de leader dans la fourniture de solutions capillaires transformatrices.<\/span><\/p><p><span style=\"font-weight: 400;\">Le Panorama Hair Turkey Transplantation Center est \u00e0 la pointe de la transplantation de cheveux, de barbe et de sourcils depuis sa cr\u00e9ation en 2016. Notre centre est r\u00e9put\u00e9 pour ses techniques de microchirurgie avanc\u00e9es, notamment Sapphire, DHI (Implantation directe de cheveux) et Sapphire FUE. Ces m\u00e9thodes de pointe garantissent des r\u00e9sultats optimaux avec un temps d'arr\u00eat minimal, offrant \u00e0 nos patients une solution permanente et d'apparence naturelle \u00e0 la perte de cheveux.<\/span><\/p><p><span style=\"font-weight: 400;\">En tant que destination de premier plan pour le tourisme de sant\u00e9 international, la Turquie attire des patients du monde entier \u00e0 la recherche de soins m\u00e9dicaux de premier ordre. \u00c0 Panorama Hair Turquie, nous sommes fiers d'accueillir des patients des quatre coins du monde et de leur offrir des soins exceptionnels et des solutions innovantes adapt\u00e9es \u00e0 leurs besoins individuels.<\/span><\/p><p><span style=\"font-weight: 400;\">Choisissez Panorama Hair Turquie pour une exp\u00e9rience de restauration capillaire transformatrice, guid\u00e9e par l'expertise du sp\u00e9cialiste Mustafa \u00dcst\u00fcnda\u011f et soutenue par une \u00e9quipe d\u00e9di\u00e9e \u00e0 l'excellence dans tous les aspects de votre voyage.<\/span><\/p>\n            \t\t<\/div>\n\n\t\t\t\t\t\t<\/div>\n\t\t\t\t<\/div>\n\t\t\t\t<div class=\"elementor-element elementor-element-8f3da11 elementor-widget elementor-widget-themedraft_button_widget\" data-id=\"8f3da11\" data-element_type=\"widget\" data-e-type=\"widget\" data-widget_type=\"themedraft_button_widget.default\">\n\t\t\t\t<div class=\"elementor-widget-container\">\n\t\t\t\t\t\n\t\t<div class=\"themedraft-button-wrapper td-button-el-widget\">\n\t\t\t<a href=\"https:\/\/api.whatsapp.com\/send\/?phone=905079884109&#038;text&#038;type=phone_number&#038;app_absent=0\" class=\"themedraft-button td-button themedraft-button-one\" >WhatsApp                <i class=\"fas fa-plus\"><\/i>\n            <\/a>\n\n\t\t\t\n                \n                <a class=\"td-call-button\" href=\"tel:+90%20507%20988%2041%2009\">\n                    <i class=\"flaticon-phone-call\"><\/i>\n                    <span class=\"td-call-button-text\">+90 507 988 41 09<\/span>\n                <\/a>\n                \t\t\t\t\t<\/div>\n\t\t\t\t\t\t<\/div>\n\t\t\t\t<\/div>\n\t\t\t\t\t<\/div>\n\t\t<\/div>\n\t\t\t\t<div class=\"elementor-column elementor-col-50 elementor-top-column elementor-element elementor-element-5ceb424b\" data-id=\"5ceb424b\" data-element_type=\"column\" data-e-type=\"column\">\n\t\t\t<div class=\"elementor-widget-wrap elementor-element-populated\">\n\t\t\t\t\t\t<div class=\"elementor-element elementor-element-57bbf0af elementor-widget elementor-widget-themedraft_image_with_caption\" data-id=\"57bbf0af\" data-element_type=\"widget\" data-e-type=\"widget\" data-widget_type=\"themedraft_image_with_caption.default\">\n\t\t\t\t<div class=\"elementor-widget-container\">\n\t\t\t\t\t\n\t\t<div class=\"td-img-caption-wrapper td-secondary-font\">\n            <div class=\"td-caption-images\">\n                <div class=\"td-caption-img-one td-cover-bg\" style=\"background-image: url(https:\/\/panoramahairturkey.com\/wp-content\/uploads\/2024\/08\/About-as-ic-sayfa.png)\"><\/div>\n                <div class=\"td-caption-img-two td-cover-bg\" style=\"background-image: url()\"><\/div>\n\n                <div class=\"td-img-caption\">\n                    <span>11<\/span> Des ann\u00e9es d'exp\u00e9rience dans la greffe de cheveux                <\/div>\n            <\/div>\n\t\t<\/div>\n\n\t\t\t\t\t\t<\/div>\n\t\t\t\t<\/div>\n\t\t\t\t\t<\/div>\n\t\t<\/div>\n\t\t\t\t\t<\/div>\n\t\t<\/section>\n\t\t\t\t<section class=\"elementor-section elementor-top-section elementor-element elementor-element-5631ca09 elementor-section-stretched elementor-section-boxed elementor-section-height-default elementor-section-height-default\" data-id=\"5631ca09\" data-element_type=\"section\" data-e-type=\"section\" data-settings=\"{&quot;stretch_section&quot;:&quot;section-stretched&quot;}\">\n\t\t\t\t\t\t<div class=\"elementor-container elementor-column-gap-default\">\n\t\t\t\t\t<div class=\"elementor-column elementor-col-33 elementor-top-column elementor-element elementor-element-2183edc5\" data-id=\"2183edc5\" data-element_type=\"column\" data-e-type=\"column\">\n\t\t\t<div class=\"elementor-widget-wrap elementor-element-populated\">\n\t\t\t\t\t\t<div class=\"elementor-element elementor-element-5a358cda elementor-widget elementor-widget-themedraft_section_title\" data-id=\"5a358cda\" data-element_type=\"widget\" data-e-type=\"widget\" data-widget_type=\"themedraft_section_title.default\">\n\t\t\t\t<div class=\"elementor-widget-container\">\n\t\t\t\t\t\n\t\t<div class=\"td-section-title-wrapper\">\n            <div class=\"td-section-title-content td-secondary-font\">\n                                    <div class=\"td-section-title-bg-text left\">\n                        Faqs                    <\/div>\n                \n                                    <div class=\"td-section-subtitle td-primary-color\">\n                        Pourquoi nous choisir ?                    <\/div>\n                \n                                    <div class=\"td-section-title\">\n                        <h1>Pourquoi choisir Panorama Hair Turquie ?<\/h1>                    <\/div>\n                                        <div class=\"title-bottom-line\" style=\"background-image: url(https:\/\/demo.themedraft.net\/wp\/doctio\/wp-content\/uploads\/2022\/06\/line-8.png)\"><\/div>\n                                                <\/div>\n\t\t<\/div>\n\t\t\t\t\t\t<\/div>\n\t\t\t\t<\/div>\n\t\t\t\t<div class=\"elementor-element elementor-element-6fad022 elementor-widget elementor-widget-themedraft_text\" data-id=\"6fad022\" data-element_type=\"widget\" data-e-type=\"widget\" data-widget_type=\"themedraft_text.default\">\n\t\t\t\t<div class=\"elementor-widget-container\">\n\t\t\t\t\t\n\t\t<div class=\"td-text-wrapper\">\n\t\t\t<p><span style=\"font-weight: 400;\">Chez Panorama Hair Turquie, nous red\u00e9finissons les normes de la restauration capillaire gr\u00e2ce \u00e0 notre expertise in\u00e9gal\u00e9e et \u00e0 notre engagement envers l'excellence. Voici pourquoi nous sommes le meilleur choix pour votre projet de restauration capillaire :<\/span><\/p>\n            \n            <div class=\"td-text-btn-wrapper\">\n                <a class=\"td-text-button\" href=\"\/fr\/contact-us\/\" >Contact <i class=\"fas fa-angle-double-right\"><\/i><\/a>\n            <\/div>\n            \t\t<\/div>\n\n\t\t\t\t\t\t<\/div>\n\t\t\t\t<\/div>\n\t\t\t\t\t<\/div>\n\t\t<\/div>\n\t\t\t\t<div class=\"elementor-column elementor-col-66 elementor-top-column elementor-element elementor-element-5a72fc58\" data-id=\"5a72fc58\" data-element_type=\"column\" data-e-type=\"column\">\n\t\t\t<div class=\"elementor-widget-wrap elementor-element-populated\">\n\t\t\t\t\t\t<div class=\"elementor-element elementor-element-4200fb7 elementor-widget elementor-widget-themeDraft_accordion\" data-id=\"4200fb7\" data-element_type=\"widget\" data-e-type=\"widget\" data-widget_type=\"themeDraft_accordion.default\">\n\t\t\t\t<div class=\"elementor-widget-container\">\n\t\t\t\t\t        <div class=\"td-accordion-wrapper td-accordion-wrapper-12425\">\n            <div class=\"accordion\" id=\"td-accordion-12425\">\n\n\t\t\t\t                        <div class=\"accordion-item\">\n                            <h2 class=\"accordion-header\">\n                                <button class=\"accordion-button\" type=\"button\" data-bs-toggle=\"collapse\" data-bs-target=\"#collapse-112425\" aria-expanded=\"true\" aria-controls=\"collapse-112425\">\n\t\t\t\t\t\t\t\t\t01. Techniques avanc\u00e9es :\n                                <\/button>\n                            <\/h2>\n\n                            <div id=\"collapse-112425\" class=\"accordion-collapse collapse show\" data-bs-parent=\"#td-accordion-12425\">\n                                <div class=\"accordion-body\">\n\t\t\t\t\t\t\t\t\t<p><span style=\"font-weight: 400\">Notre centre est r\u00e9put\u00e9 pour utiliser les techniques de microchirurgie les plus avanc\u00e9es, notamment la FUE Sapphire, la DHI (implantation directe de cheveux) et la Sapphire. Ces m\u00e9thodes de pointe garantissent des r\u00e9sultats optimaux avec un temps d'immobilisation minimal, vous offrant ainsi une solution permanente et esth\u00e9tique \u00e0 la perte de cheveux.<\/span><\/p>                                <\/div>\n                            <\/div>\n                        <\/div>\n\t\t\t\t\t\t                        <div class=\"accordion-item\">\n                            <h2 class=\"accordion-header\">\n                                <button class=\"accordion-button collapsed\" type=\"button\" data-bs-toggle=\"collapse\" data-bs-target=\"#collapse-212425\" aria-expanded=\"false\" aria-controls=\"collapse-212425\">\n\t\t\t\t\t\t\t\t\t02. R\u00e9putation internationale :                                <\/button>\n                            <\/h2>\n\n                            <div id=\"collapse-212425\" class=\"accordion-collapse collapse\" data-bs-parent=\"#td-accordion-12425\">\n                                <div class=\"accordion-body\">\n\t\t\t\t\t\t\t\t\t<p><span style=\"font-weight: 400\">Destination phare du tourisme de sant\u00e9 international, la Turquie attire des patients du monde entier \u00e0 la recherche de soins m\u00e9dicaux de premier ordre. Panorama Hair Turkey est fier d'accueillir des patients des quatre coins du monde, leur offrant des soins exceptionnels et des solutions de pointe adapt\u00e9es \u00e0 leurs besoins uniques.<\/span><\/p><p><span style=\"font-weight: 400\">Faites l'exp\u00e9rience de la diff\u00e9rence en travaillant avec les meilleurs. Choisissez Panorama Hair Turkey pour un voyage vers une confiance renouvel\u00e9e et des r\u00e9sultats exceptionnels.<\/span><\/p>                                <\/div>\n                            <\/div>\n                        <\/div>\n\t\t\t\t\t\t            <\/div>\n        <\/div>\n\t\t\t\t\t\t<\/div>\n\t\t\t\t<\/div>\n\t\t\t\t\t<\/div>\n\t\t<\/div>\n\t\t\t\t\t<\/div>\n\t\t<\/section>\n\t\t\t\t<\/div>","protected":false},"excerpt":{"rendered":"<p>About About Us Best Hair Transplant Turkey, Istanbul Specialist Mustafa \u00dcst\u00fcnda\u011f is internationally recognized as a top hair transplant specialist in Turkey. With over a decade of experience, he and his esteemed medical team have performed more than 9,000 successful hair transplants, setting a benchmark in the field of hair restoration. His expertise and dedication [&hellip;]<\/p>\n","protected":false},"author":1,"featured_media":0,"parent":0,"menu_order":0,"comment_status":"closed","ping_status":"closed","template":"","meta":{"footnotes":""},"class_list":["post-608","page","type-page","status-publish","hentry"],"yoast_head":"<!-- This site is optimized with the Yoast SEO plugin v27.4 - https:\/\/yoast.com\/product\/yoast-seo-wordpress\/ -->\n<title>About Us - Best Hair Transplant in Turkey 2025 Cost<\/title>\n<meta name=\"description\" content=\"We produce natural and permanent hair solutions with our expert team. Contact us today for your new look and healthy solutions!\" \/>\n<meta name=\"robots\" content=\"index, follow, max-snippet:-1, max-image-preview:large, max-video-preview:-1\" \/>\n<link rel=\"canonical\" href=\"https:\/\/panoramahairturkey.com\/fr\/about-us\/\" \/>\n<meta property=\"og:locale\" content=\"fr_FR\" \/>\n<meta property=\"og:type\" content=\"article\" \/>\n<meta property=\"og:title\" content=\"About Us - Best Hair Transplant in Turkey 2025 Cost\" \/>\n<meta property=\"og:description\" content=\"We produce natural and permanent hair solutions with our expert team. Contact us today for your new look and healthy solutions!\" \/>\n<meta property=\"og:url\" content=\"https:\/\/panoramahairturkey.com\/fr\/about-us\/\" \/>\n<meta property=\"og:site_name\" content=\"Best Hair Transplant in Turkey 2025 Cost\" \/>\n<meta property=\"article:modified_time\" content=\"2024-10-29T10:34:22+00:00\" \/>\n<meta name=\"twitter:card\" content=\"summary_large_image\" \/>\n<meta name=\"twitter:label1\" content=\"Dur\u00e9e de lecture estim\u00e9e\" \/>\n\t<meta name=\"twitter:data1\" content=\"3 minutes\" \/>\n<script type=\"application\/ld+json\" class=\"yoast-schema-graph\">{\"@context\":\"https:\\\/\\\/schema.org\",\"@graph\":[{\"@type\":\"WebPage\",\"@id\":\"https:\\\/\\\/panoramahairturkey.com\\\/about-us\\\/\",\"url\":\"https:\\\/\\\/panoramahairturkey.com\\\/about-us\\\/\",\"name\":\"About Us - Best Hair Transplant in Turkey 2025 Cost\",\"isPartOf\":{\"@id\":\"https:\\\/\\\/panoramahairturkey.com\\\/#website\"},\"datePublished\":\"2022-06-10T19:22:20+00:00\",\"dateModified\":\"2024-10-29T10:34:22+00:00\",\"description\":\"We produce natural and permanent hair solutions with our expert team. Contact us today for your new look and healthy solutions!\",\"breadcrumb\":{\"@id\":\"https:\\\/\\\/panoramahairturkey.com\\\/about-us\\\/#breadcrumb\"},\"inLanguage\":\"fr-FR\",\"potentialAction\":[{\"@type\":\"ReadAction\",\"target\":[\"https:\\\/\\\/panoramahairturkey.com\\\/about-us\\\/\"]}]},{\"@type\":\"BreadcrumbList\",\"@id\":\"https:\\\/\\\/panoramahairturkey.com\\\/about-us\\\/#breadcrumb\",\"itemListElement\":[{\"@type\":\"ListItem\",\"position\":1,\"name\":\"Anasayfa\",\"item\":\"https:\\\/\\\/panoramahairturkey.com\\\/\"},{\"@type\":\"ListItem\",\"position\":2,\"name\":\"About Us\"}]},{\"@type\":\"WebSite\",\"@id\":\"https:\\\/\\\/panoramahairturkey.com\\\/#website\",\"url\":\"https:\\\/\\\/panoramahairturkey.com\\\/\",\"name\":\"Best Hair Transplant in Turkey 2025 Cost\",\"description\":\"\",\"publisher\":{\"@id\":\"https:\\\/\\\/panoramahairturkey.com\\\/#organization\"},\"potentialAction\":[{\"@type\":\"SearchAction\",\"target\":{\"@type\":\"EntryPoint\",\"urlTemplate\":\"https:\\\/\\\/panoramahairturkey.com\\\/?s={search_term_string}\"},\"query-input\":{\"@type\":\"PropertyValueSpecification\",\"valueRequired\":true,\"valueName\":\"search_term_string\"}}],\"inLanguage\":\"fr-FR\"},{\"@type\":\"Organization\",\"@id\":\"https:\\\/\\\/panoramahairturkey.com\\\/#organization\",\"name\":\"Best Hair Transplant in Turkey 2025 Cost\",\"url\":\"https:\\\/\\\/panoramahairturkey.com\\\/\",\"logo\":{\"@type\":\"ImageObject\",\"inLanguage\":\"fr-FR\",\"@id\":\"https:\\\/\\\/panoramahairturkey.com\\\/#\\\/schema\\\/logo\\\/image\\\/\",\"url\":\"https:\\\/\\\/panoramahairturkey.com\\\/wp-content\\\/uploads\\\/2024\\\/08\\\/cropped-panorama-logo-1-3.webp\",\"contentUrl\":\"https:\\\/\\\/panoramahairturkey.com\\\/wp-content\\\/uploads\\\/2024\\\/08\\\/cropped-panorama-logo-1-3.webp\",\"width\":1538,\"height\":461,\"caption\":\"Best Hair Transplant in Turkey 2025 Cost\"},\"image\":{\"@id\":\"https:\\\/\\\/panoramahairturkey.com\\\/#\\\/schema\\\/logo\\\/image\\\/\"}}]}<\/script>\n<!-- \/ Yoast SEO plugin. -->","yoast_head_json":{"title":"About Us - Best Hair Transplant in Turkey 2025 Cost","description":"We produce natural and permanent hair solutions with our expert team. Contact us today for your new look and healthy solutions!","robots":{"index":"index","follow":"follow","max-snippet":"max-snippet:-1","max-image-preview":"max-image-preview:large","max-video-preview":"max-video-preview:-1"},"canonical":"https:\/\/panoramahairturkey.com\/fr\/about-us\/","og_locale":"fr_FR","og_type":"article","og_title":"About Us - Best Hair Transplant in Turkey 2025 Cost","og_description":"We produce natural and permanent hair solutions with our expert team. Contact us today for your new look and healthy solutions!","og_url":"https:\/\/panoramahairturkey.com\/fr\/about-us\/","og_site_name":"Best Hair Transplant in Turkey 2025 Cost","article_modified_time":"2024-10-29T10:34:22+00:00","twitter_card":"summary_large_image","twitter_misc":{"Dur\u00e9e de lecture estim\u00e9e":"3 minutes"},"schema":{"@context":"https:\/\/schema.org","@graph":[{"@type":"WebPage","@id":"https:\/\/panoramahairturkey.com\/about-us\/","url":"https:\/\/panoramahairturkey.com\/about-us\/","name":"About Us - Best Hair Transplant in Turkey 2025 Cost","isPartOf":{"@id":"https:\/\/panoramahairturkey.com\/#website"},"datePublished":"2022-06-10T19:22:20+00:00","dateModified":"2024-10-29T10:34:22+00:00","description":"We produce natural and permanent hair solutions with our expert team. Contact us today for your new look and healthy solutions!","breadcrumb":{"@id":"https:\/\/panoramahairturkey.com\/about-us\/#breadcrumb"},"inLanguage":"fr-FR","potentialAction":[{"@type":"ReadAction","target":["https:\/\/panoramahairturkey.com\/about-us\/"]}]},{"@type":"BreadcrumbList","@id":"https:\/\/panoramahairturkey.com\/about-us\/#breadcrumb","itemListElement":[{"@type":"ListItem","position":1,"name":"Anasayfa","item":"https:\/\/panoramahairturkey.com\/"},{"@type":"ListItem","position":2,"name":"About Us"}]},{"@type":"WebSite","@id":"https:\/\/panoramahairturkey.com\/#website","url":"https:\/\/panoramahairturkey.com\/","name":"Co\u00fbt de la meilleure greffe de cheveux en Turquie 2025","description":"","publisher":{"@id":"https:\/\/panoramahairturkey.com\/#organization"},"potentialAction":[{"@type":"SearchAction","target":{"@type":"EntryPoint","urlTemplate":"https:\/\/panoramahairturkey.com\/?s={search_term_string}"},"query-input":{"@type":"PropertyValueSpecification","valueRequired":true,"valueName":"search_term_string"}}],"inLanguage":"fr-FR"},{"@type":"Organization","@id":"https:\/\/panoramahairturkey.com\/#organization","name":"Co\u00fbt de la meilleure greffe de cheveux en Turquie 2025","url":"https:\/\/panoramahairturkey.com\/","logo":{"@type":"ImageObject","inLanguage":"fr-FR","@id":"https:\/\/panoramahairturkey.com\/#\/schema\/logo\/image\/","url":"https:\/\/panoramahairturkey.com\/wp-content\/uploads\/2024\/08\/cropped-panorama-logo-1-3.webp","contentUrl":"https:\/\/panoramahairturkey.com\/wp-content\/uploads\/2024\/08\/cropped-panorama-logo-1-3.webp","width":1538,"height":461,"caption":"Best Hair Transplant in Turkey 2025 Cost"},"image":{"@id":"https:\/\/panoramahairturkey.com\/#\/schema\/logo\/image\/"}}]}},"_links":{"self":[{"href":"https:\/\/panoramahairturkey.com\/fr\/wp-json\/wp\/v2\/pages\/608","targetHints":{"allow":["GET"]}}],"collection":[{"href":"https:\/\/panoramahairturkey.com\/fr\/wp-json\/wp\/v2\/pages"}],"about":[{"href":"https:\/\/panoramahairturkey.com\/fr\/wp-json\/wp\/v2\/types\/page"}],"author":[{"embeddable":true,"href":"https:\/\/panoramahairturkey.com\/fr\/wp-json\/wp\/v2\/users\/1"}],"replies":[{"embeddable":true,"href":"https:\/\/panoramahairturkey.com\/fr\/wp-json\/wp\/v2\/comments?post=608"}],"version-history":[{"count":0,"href":"https:\/\/panoramahairturkey.com\/fr\/wp-json\/wp\/v2\/pages\/608\/revisions"}],"wp:attachment":[{"href":"https:\/\/panoramahairturkey.com\/fr\/wp-json\/wp\/v2\/media?parent=608"}],"curies":[{"name":"wp","href":"https:\/\/api.w.org\/{rel}","templated":true}]}}