
{"id":1018,"date":"2022-06-11T10:42:43","date_gmt":"2022-06-11T10:42:43","guid":{"rendered":"https:\/\/demo.themedraft.net\/wp\/doctio\/?page_id=1018"},"modified":"2024-10-29T10:53:06","modified_gmt":"2024-10-29T10:53:06","slug":"f-a-q","status":"publish","type":"page","link":"https:\/\/panoramahairturkey.com\/fr\/f-a-q\/","title":{"rendered":"F.A.Q"},"content":{"rendered":"<div data-elementor-type=\"wp-page\" data-elementor-id=\"1018\" class=\"elementor elementor-1018\" data-elementor-post-type=\"page\">\n\t\t\t\t\t\t<section class=\"elementor-section elementor-top-section elementor-element elementor-element-87880e2 elementor-section-stretched elementor-section-boxed elementor-section-height-default elementor-section-height-default\" data-id=\"87880e2\" data-element_type=\"section\" data-e-type=\"section\" data-settings=\"{&quot;stretch_section&quot;:&quot;section-stretched&quot;}\">\n\t\t\t\t\t\t<div class=\"elementor-container elementor-column-gap-default\">\n\t\t\t\t\t<div class=\"elementor-column elementor-col-100 elementor-top-column elementor-element elementor-element-373a530\" data-id=\"373a530\" data-element_type=\"column\" data-e-type=\"column\">\n\t\t\t<div class=\"elementor-widget-wrap elementor-element-populated\">\n\t\t\t\t\t\t<div class=\"elementor-element elementor-element-be14ec1 elementor-widget elementor-widget-themedraft_section_title\" data-id=\"be14ec1\" data-element_type=\"widget\" data-e-type=\"widget\" data-widget_type=\"themedraft_section_title.default\">\n\t\t\t\t<div class=\"elementor-widget-container\">\n\t\t\t\t\t\n\t\t<div class=\"td-section-title-wrapper\">\n            <div class=\"td-section-title-content td-secondary-font\">\n                                    <div class=\"td-section-title-bg-text center\">\n                        Faqs                    <\/div>\n                \n                                    <div class=\"td-section-subtitle td-primary-color\">\n                        FAQ                    <\/div>\n                \n                                    <div class=\"td-section-title\">\n                        <h5>Foire aux questions<\/h5>                    <\/div>\n                                        <div class=\"title-bottom-line\" style=\"background-image: url(https:\/\/demo.themedraft.net\/wp\/doctio\/wp-content\/uploads\/2022\/06\/line-1.png)\"><\/div>\n                                                <\/div>\n\t\t<\/div>\n\t\t\t\t\t\t<\/div>\n\t\t\t\t<\/div>\n\t\t\t\t\t<\/div>\n\t\t<\/div>\n\t\t\t\t\t<\/div>\n\t\t<\/section>\n\t\t\t\t<section class=\"elementor-section elementor-top-section elementor-element elementor-element-41ddc21 elementor-section-stretched elementor-section-boxed elementor-section-height-default elementor-section-height-default\" data-id=\"41ddc21\" data-element_type=\"section\" data-e-type=\"section\" data-settings=\"{&quot;stretch_section&quot;:&quot;section-stretched&quot;}\">\n\t\t\t\t\t\t<div class=\"elementor-container elementor-column-gap-default\">\n\t\t\t\t\t<div class=\"elementor-column elementor-col-50 elementor-top-column elementor-element elementor-element-7a5b7b9\" data-id=\"7a5b7b9\" data-element_type=\"column\" data-e-type=\"column\">\n\t\t\t<div class=\"elementor-widget-wrap elementor-element-populated\">\n\t\t\t\t\t\t<div class=\"elementor-element elementor-element-251cb63 elementor-widget elementor-widget-themeDraft_accordion\" data-id=\"251cb63\" data-element_type=\"widget\" data-e-type=\"widget\" data-widget_type=\"themeDraft_accordion.default\">\n\t\t\t\t<div class=\"elementor-widget-container\">\n\t\t\t\t\t        <div class=\"td-accordion-wrapper td-accordion-wrapper-97709\">\n            <div class=\"accordion\" id=\"td-accordion-97709\">\n\n\t\t\t\t                        <div class=\"accordion-item\">\n                            <h2 class=\"accordion-header\">\n                                <button class=\"accordion-button\" type=\"button\" data-bs-toggle=\"collapse\" data-bs-target=\"#collapse-197709\" aria-expanded=\"true\" aria-controls=\"collapse-197709\">\n\t\t\t\t\t\t\t\t\tLa greffe de cheveux est-elle douloureuse ?                                <\/button>\n                            <\/h2>\n\n                            <div id=\"collapse-197709\" class=\"accordion-collapse collapse show\" data-bs-parent=\"#td-accordion-97709\">\n                                <div class=\"accordion-body\">\n\t\t\t\t\t\t\t\t\t<p><span style=\"font-weight: 400\">La plupart des patients ne ressentent qu'une g\u00eane minime pendant l'intervention, car l'anesth\u00e9sie locale est utilis\u00e9e pour insensibiliser le cuir chevelu. Une certaine douleur ou sensibilit\u00e9 peut \u00eatre ressentie apr\u00e8s l'intervention, mais elle est g\u00e9n\u00e9ralement g\u00e9rable \u00e0 l'aide d'analg\u00e9siques en vente libre.<\/span><\/p>                                <\/div>\n                            <\/div>\n                        <\/div>\n\t\t\t\t\t\t                        <div class=\"accordion-item\">\n                            <h2 class=\"accordion-header\">\n                                <button class=\"accordion-button collapsed\" type=\"button\" data-bs-toggle=\"collapse\" data-bs-target=\"#collapse-297709\" aria-expanded=\"false\" aria-controls=\"collapse-297709\">\n\t\t\t\t\t\t\t\t\tCombien de temps dure la convalescence ?                                <\/button>\n                            <\/h2>\n\n                            <div id=\"collapse-297709\" class=\"accordion-collapse collapse\" data-bs-parent=\"#td-accordion-97709\">\n                                <div class=\"accordion-body\">\n\t\t\t\t\t\t\t\t\t<p><span style=\"font-weight: 400\">Le temps de r\u00e9tablissement varie d'une personne \u00e0 l'autre, mais la plupart des gens peuvent reprendre leurs activit\u00e9s normales au bout de quelques jours. Un gonflement et une rougeur peuvent appara\u00eetre au d\u00e9but, mais ils disparaissent g\u00e9n\u00e9ralement au bout d'une semaine ou deux. Les r\u00e9sultats complets sont g\u00e9n\u00e9ralement visibles au bout de 6 \u00e0 12 mois.<\/span><\/p>                                <\/div>\n                            <\/div>\n                        <\/div>\n\t\t\t\t\t\t                        <div class=\"accordion-item\">\n                            <h2 class=\"accordion-header\">\n                                <button class=\"accordion-button collapsed\" type=\"button\" data-bs-toggle=\"collapse\" data-bs-target=\"#collapse-397709\" aria-expanded=\"false\" aria-controls=\"collapse-397709\">\n\t\t\t\t\t\t\t\t\tQuand verrai-je les r\u00e9sultats de ma greffe de cheveux ?                                <\/button>\n                            <\/h2>\n\n                            <div id=\"collapse-397709\" class=\"accordion-collapse collapse\" data-bs-parent=\"#td-accordion-97709\">\n                                <div class=\"accordion-body\">\n\t\t\t\t\t\t\t\t\t<p><span style=\"font-weight: 400\">La repousse des cheveux commence g\u00e9n\u00e9ralement 3 \u00e0 4 mois apr\u00e8s l'intervention, et des am\u00e9liorations notables apparaissent au bout de 6 \u00e0 9 mois. Les r\u00e9sultats complets peuvent prendre jusqu'\u00e0 12 mois pour \u00eatre visibles.<\/span><\/p>                                <\/div>\n                            <\/div>\n                        <\/div>\n\t\t\t\t\t\t                        <div class=\"accordion-item\">\n                            <h2 class=\"accordion-header\">\n                                <button class=\"accordion-button collapsed\" type=\"button\" data-bs-toggle=\"collapse\" data-bs-target=\"#collapse-497709\" aria-expanded=\"false\" aria-controls=\"collapse-497709\">\n\t\t\t\t\t\t\t\t\tQuelles sont les techniques utilis\u00e9es pour la greffe de cheveux en Turquie et quel est leur co\u00fbt ?                                <\/button>\n                            <\/h2>\n\n                            <div id=\"collapse-497709\" class=\"accordion-collapse collapse\" data-bs-parent=\"#td-accordion-97709\">\n                                <div class=\"accordion-body\">\n\t\t\t\t\t\t\t\t\t<p>Various techniques are employed for hair transplants in Turkey, including FUE (Follicular Unit Extraction), DHI (Direct Hair Implantation), and Sapphire FUE. The costs can vary depending on the chosen technique, with FUE generally being the most affordable, while DHI and Sapphire methods may have higher price points due to their advanced technology.<\/p>                                <\/div>\n                            <\/div>\n                        <\/div>\n\t\t\t\t\t\t            <\/div>\n        <\/div>\n\t\t\t\t\t\t<\/div>\n\t\t\t\t<\/div>\n\t\t\t\t\t<\/div>\n\t\t<\/div>\n\t\t\t\t<div class=\"elementor-column elementor-col-50 elementor-top-column elementor-element elementor-element-db21450\" data-id=\"db21450\" data-element_type=\"column\" data-e-type=\"column\">\n\t\t\t<div class=\"elementor-widget-wrap elementor-element-populated\">\n\t\t\t\t\t\t<div class=\"elementor-element elementor-element-a9d696a elementor-widget elementor-widget-themeDraft_accordion\" data-id=\"a9d696a\" data-element_type=\"widget\" data-e-type=\"widget\" data-widget_type=\"themeDraft_accordion.default\">\n\t\t\t\t<div class=\"elementor-widget-container\">\n\t\t\t\t\t        <div class=\"td-accordion-wrapper td-accordion-wrapper-61564\">\n            <div class=\"accordion\" id=\"td-accordion-61564\">\n\n\t\t\t\t                        <div class=\"accordion-item\">\n                            <h2 class=\"accordion-header\">\n                                <button class=\"accordion-button\" type=\"button\" data-bs-toggle=\"collapse\" data-bs-target=\"#collapse-161564\" aria-expanded=\"true\" aria-controls=\"collapse-161564\">\n\t\t\t\t\t\t\t\t\tLes r\u00e9sultats d'une greffe de cheveux sont-ils permanents ?                                <\/button>\n                            <\/h2>\n\n                            <div id=\"collapse-161564\" class=\"accordion-collapse collapse show\" data-bs-parent=\"#td-accordion-61564\">\n                                <div class=\"accordion-body\">\n\t\t\t\t\t\t\t\t\t<p><span style=\"font-weight: 400\">Oui, les greffes de cheveux donnent g\u00e9n\u00e9ralement des r\u00e9sultats permanents. Les follicules capillaires transplant\u00e9s sont pr\u00e9lev\u00e9s dans des zones r\u00e9sistantes \u00e0 la perte de cheveux, et continuent donc \u00e0 pousser m\u00eame dans leur nouvel emplacement.<\/span><\/p>                                <\/div>\n                            <\/div>\n                        <\/div>\n\t\t\t\t\t\t                        <div class=\"accordion-item\">\n                            <h2 class=\"accordion-header\">\n                                <button class=\"accordion-button collapsed\" type=\"button\" data-bs-toggle=\"collapse\" data-bs-target=\"#collapse-261564\" aria-expanded=\"false\" aria-controls=\"collapse-261564\">\n\t\t\t\t\t\t\t\t\tComment choisir la bonne clinique de greffe de cheveux ?                                <\/button>\n                            <\/h2>\n\n                            <div id=\"collapse-261564\" class=\"accordion-collapse collapse\" data-bs-parent=\"#td-accordion-61564\">\n                                <div class=\"accordion-body\">\n\t\t\t\t\t\t\t\t\t<p><span style=\"font-weight: 400\">Recherchez une clinique ayant fait ses preuves, des chirurgiens exp\u00e9riment\u00e9s et des commentaires positifs de la part des patients. Il est \u00e9galement important de s'assurer que la clinique utilise des techniques de pointe et fournit des soins pr\u00e9 et postop\u00e9ratoires complets.<\/span><\/p>                                <\/div>\n                            <\/div>\n                        <\/div>\n\t\t\t\t\t\t                        <div class=\"accordion-item\">\n                            <h2 class=\"accordion-header\">\n                                <button class=\"accordion-button collapsed\" type=\"button\" data-bs-toggle=\"collapse\" data-bs-target=\"#collapse-361564\" aria-expanded=\"false\" aria-controls=\"collapse-361564\">\n\t\t\t\t\t\t\t\t\tCombien co\u00fbte une greffe de cheveux ?                                <\/button>\n                            <\/h2>\n\n                            <div id=\"collapse-361564\" class=\"accordion-collapse collapse\" data-bs-parent=\"#td-accordion-61564\">\n                                <div class=\"accordion-body\">\n\t\t\t\t\t\t\t\t\t<p><span style=\"font-weight: 400\">Le co\u00fbt d'une greffe de cheveux varie en fonction de la technique utilis\u00e9e, de l'ampleur de l'intervention et de la localisation de la clinique. Il est pr\u00e9f\u00e9rable de consulter la clinique pour obtenir un devis personnalis\u00e9 et discuter des possibilit\u00e9s de financement si n\u00e9cessaire.<\/span><\/p>                                <\/div>\n                            <\/div>\n                        <\/div>\n\t\t\t\t\t\t                        <div class=\"accordion-item\">\n                            <h2 class=\"accordion-header\">\n                                <button class=\"accordion-button collapsed\" type=\"button\" data-bs-toggle=\"collapse\" data-bs-target=\"#collapse-461564\" aria-expanded=\"false\" aria-controls=\"collapse-461564\">\n\t\t\t\t\t\t\t\t\tQuels sont les facteurs qui peuvent influencer le co\u00fbt d'une greffe de cheveux en Turquie ?                                <\/button>\n                            <\/h2>\n\n                            <div id=\"collapse-461564\" class=\"accordion-collapse collapse\" data-bs-parent=\"#td-accordion-61564\">\n                                <div class=\"accordion-body\">\n\t\t\t\t\t\t\t\t\t<p>Le co\u00fbt d'une greffe de cheveux en Turquie peut \u00eatre influenc\u00e9 par plusieurs facteurs, notamment la technique sp\u00e9cifique utilis\u00e9e, le nombre de greffons n\u00e9cessaires, l'emplacement de la clinique, l'exp\u00e9rience du chirurgien et les services suppl\u00e9mentaires offerts, tels que le transport et l'h\u00e9bergement. Il est important de tenir compte de tous ces facteurs lors de l'\u00e9tablissement du budget de l'intervention.<\/p><p>\u00a0<\/p>                                <\/div>\n                            <\/div>\n                        <\/div>\n\t\t\t\t\t\t            <\/div>\n        <\/div>\n\t\t\t\t\t\t<\/div>\n\t\t\t\t<\/div>\n\t\t\t\t\t<\/div>\n\t\t<\/div>\n\t\t\t\t\t<\/div>\n\t\t<\/section>\n\t\t\t\t<\/div>","protected":false},"excerpt":{"rendered":"<p>Faqs FAQs Frequently Asked Questions Is the hair transplant procedure painful? Most patients experience minimal discomfort during the procedure, as local anesthesia is used to numb the scalp. Some soreness or sensitivity may be felt afterward, but this is usually manageable with over-the-counter pain relievers. How long does the recovery take? Recovery time varies by [&hellip;]<\/p>\n","protected":false},"author":1,"featured_media":0,"parent":0,"menu_order":0,"comment_status":"closed","ping_status":"closed","template":"","meta":{"footnotes":""},"class_list":["post-1018","page","type-page","status-publish","hentry"],"yoast_head":"<!-- This site is optimized with the Yoast SEO plugin v27.4 - https:\/\/yoast.com\/product\/yoast-seo-wordpress\/ -->\n<title>F.A.Q - Best Hair Transplant in Turkey 2025 Cost<\/title>\n<meta name=\"description\" content=\"Discover the most frequently asked questions about hair transplantation! With F.A.Q. you can find answers to all your questions.\" \/>\n<meta name=\"robots\" content=\"index, follow, max-snippet:-1, max-image-preview:large, max-video-preview:-1\" \/>\n<link rel=\"canonical\" href=\"https:\/\/panoramahairturkey.com\/fr\/f-a-q\/\" \/>\n<meta property=\"og:locale\" content=\"fr_FR\" \/>\n<meta property=\"og:type\" content=\"article\" \/>\n<meta property=\"og:title\" content=\"F.A.Q - Best Hair Transplant in Turkey 2025 Cost\" \/>\n<meta property=\"og:description\" content=\"Discover the most frequently asked questions about hair transplantation! With F.A.Q. you can find answers to all your questions.\" \/>\n<meta property=\"og:url\" content=\"https:\/\/panoramahairturkey.com\/fr\/f-a-q\/\" \/>\n<meta property=\"og:site_name\" content=\"Best Hair Transplant in Turkey 2025 Cost\" \/>\n<meta property=\"article:modified_time\" content=\"2024-10-29T10:53:06+00:00\" \/>\n<meta name=\"twitter:card\" content=\"summary_large_image\" \/>\n<meta name=\"twitter:label1\" content=\"Dur\u00e9e de lecture estim\u00e9e\" \/>\n\t<meta name=\"twitter:data1\" content=\"3 minutes\" \/>\n<script type=\"application\/ld+json\" class=\"yoast-schema-graph\">{\"@context\":\"https:\\\/\\\/schema.org\",\"@graph\":[{\"@type\":\"WebPage\",\"@id\":\"https:\\\/\\\/panoramahairturkey.com\\\/f-a-q\\\/\",\"url\":\"https:\\\/\\\/panoramahairturkey.com\\\/f-a-q\\\/\",\"name\":\"F.A.Q - Best Hair Transplant in Turkey 2025 Cost\",\"isPartOf\":{\"@id\":\"https:\\\/\\\/panoramahairturkey.com\\\/#website\"},\"datePublished\":\"2022-06-11T10:42:43+00:00\",\"dateModified\":\"2024-10-29T10:53:06+00:00\",\"description\":\"Discover the most frequently asked questions about hair transplantation! With F.A.Q. you can find answers to all your questions.\",\"breadcrumb\":{\"@id\":\"https:\\\/\\\/panoramahairturkey.com\\\/f-a-q\\\/#breadcrumb\"},\"inLanguage\":\"fr-FR\",\"potentialAction\":[{\"@type\":\"ReadAction\",\"target\":[\"https:\\\/\\\/panoramahairturkey.com\\\/f-a-q\\\/\"]}]},{\"@type\":\"BreadcrumbList\",\"@id\":\"https:\\\/\\\/panoramahairturkey.com\\\/f-a-q\\\/#breadcrumb\",\"itemListElement\":[{\"@type\":\"ListItem\",\"position\":1,\"name\":\"Anasayfa\",\"item\":\"https:\\\/\\\/panoramahairturkey.com\\\/\"},{\"@type\":\"ListItem\",\"position\":2,\"name\":\"F.A.Q\"}]},{\"@type\":\"WebSite\",\"@id\":\"https:\\\/\\\/panoramahairturkey.com\\\/#website\",\"url\":\"https:\\\/\\\/panoramahairturkey.com\\\/\",\"name\":\"Best Hair Transplant in Turkey 2025 Cost\",\"description\":\"\",\"publisher\":{\"@id\":\"https:\\\/\\\/panoramahairturkey.com\\\/#organization\"},\"potentialAction\":[{\"@type\":\"SearchAction\",\"target\":{\"@type\":\"EntryPoint\",\"urlTemplate\":\"https:\\\/\\\/panoramahairturkey.com\\\/?s={search_term_string}\"},\"query-input\":{\"@type\":\"PropertyValueSpecification\",\"valueRequired\":true,\"valueName\":\"search_term_string\"}}],\"inLanguage\":\"fr-FR\"},{\"@type\":\"Organization\",\"@id\":\"https:\\\/\\\/panoramahairturkey.com\\\/#organization\",\"name\":\"Best Hair Transplant in Turkey 2025 Cost\",\"url\":\"https:\\\/\\\/panoramahairturkey.com\\\/\",\"logo\":{\"@type\":\"ImageObject\",\"inLanguage\":\"fr-FR\",\"@id\":\"https:\\\/\\\/panoramahairturkey.com\\\/#\\\/schema\\\/logo\\\/image\\\/\",\"url\":\"https:\\\/\\\/panoramahairturkey.com\\\/wp-content\\\/uploads\\\/2024\\\/08\\\/cropped-panorama-logo-1-3.webp\",\"contentUrl\":\"https:\\\/\\\/panoramahairturkey.com\\\/wp-content\\\/uploads\\\/2024\\\/08\\\/cropped-panorama-logo-1-3.webp\",\"width\":1538,\"height\":461,\"caption\":\"Best Hair Transplant in Turkey 2025 Cost\"},\"image\":{\"@id\":\"https:\\\/\\\/panoramahairturkey.com\\\/#\\\/schema\\\/logo\\\/image\\\/\"}}]}<\/script>\n<!-- \/ Yoast SEO plugin. -->","yoast_head_json":{"title":"F.A.Q - Best Hair Transplant in Turkey 2025 Cost","description":"Discover the most frequently asked questions about hair transplantation! With F.A.Q. you can find answers to all your questions.","robots":{"index":"index","follow":"follow","max-snippet":"max-snippet:-1","max-image-preview":"max-image-preview:large","max-video-preview":"max-video-preview:-1"},"canonical":"https:\/\/panoramahairturkey.com\/fr\/f-a-q\/","og_locale":"fr_FR","og_type":"article","og_title":"F.A.Q - Best Hair Transplant in Turkey 2025 Cost","og_description":"Discover the most frequently asked questions about hair transplantation! With F.A.Q. you can find answers to all your questions.","og_url":"https:\/\/panoramahairturkey.com\/fr\/f-a-q\/","og_site_name":"Best Hair Transplant in Turkey 2025 Cost","article_modified_time":"2024-10-29T10:53:06+00:00","twitter_card":"summary_large_image","twitter_misc":{"Dur\u00e9e de lecture estim\u00e9e":"3 minutes"},"schema":{"@context":"https:\/\/schema.org","@graph":[{"@type":"WebPage","@id":"https:\/\/panoramahairturkey.com\/f-a-q\/","url":"https:\/\/panoramahairturkey.com\/f-a-q\/","name":"F.A.Q - Best Hair Transplant in Turkey 2025 Cost","isPartOf":{"@id":"https:\/\/panoramahairturkey.com\/#website"},"datePublished":"2022-06-11T10:42:43+00:00","dateModified":"2024-10-29T10:53:06+00:00","description":"Discover the most frequently asked questions about hair transplantation! With F.A.Q. you can find answers to all your questions.","breadcrumb":{"@id":"https:\/\/panoramahairturkey.com\/f-a-q\/#breadcrumb"},"inLanguage":"fr-FR","potentialAction":[{"@type":"ReadAction","target":["https:\/\/panoramahairturkey.com\/f-a-q\/"]}]},{"@type":"BreadcrumbList","@id":"https:\/\/panoramahairturkey.com\/f-a-q\/#breadcrumb","itemListElement":[{"@type":"ListItem","position":1,"name":"Anasayfa","item":"https:\/\/panoramahairturkey.com\/"},{"@type":"ListItem","position":2,"name":"F.A.Q"}]},{"@type":"WebSite","@id":"https:\/\/panoramahairturkey.com\/#website","url":"https:\/\/panoramahairturkey.com\/","name":"Co\u00fbt de la meilleure greffe de cheveux en Turquie 2025","description":"","publisher":{"@id":"https:\/\/panoramahairturkey.com\/#organization"},"potentialAction":[{"@type":"SearchAction","target":{"@type":"EntryPoint","urlTemplate":"https:\/\/panoramahairturkey.com\/?s={search_term_string}"},"query-input":{"@type":"PropertyValueSpecification","valueRequired":true,"valueName":"search_term_string"}}],"inLanguage":"fr-FR"},{"@type":"Organization","@id":"https:\/\/panoramahairturkey.com\/#organization","name":"Co\u00fbt de la meilleure greffe de cheveux en Turquie 2025","url":"https:\/\/panoramahairturkey.com\/","logo":{"@type":"ImageObject","inLanguage":"fr-FR","@id":"https:\/\/panoramahairturkey.com\/#\/schema\/logo\/image\/","url":"https:\/\/panoramahairturkey.com\/wp-content\/uploads\/2024\/08\/cropped-panorama-logo-1-3.webp","contentUrl":"https:\/\/panoramahairturkey.com\/wp-content\/uploads\/2024\/08\/cropped-panorama-logo-1-3.webp","width":1538,"height":461,"caption":"Best Hair Transplant in Turkey 2025 Cost"},"image":{"@id":"https:\/\/panoramahairturkey.com\/#\/schema\/logo\/image\/"}}]}},"_links":{"self":[{"href":"https:\/\/panoramahairturkey.com\/fr\/wp-json\/wp\/v2\/pages\/1018","targetHints":{"allow":["GET"]}}],"collection":[{"href":"https:\/\/panoramahairturkey.com\/fr\/wp-json\/wp\/v2\/pages"}],"about":[{"href":"https:\/\/panoramahairturkey.com\/fr\/wp-json\/wp\/v2\/types\/page"}],"author":[{"embeddable":true,"href":"https:\/\/panoramahairturkey.com\/fr\/wp-json\/wp\/v2\/users\/1"}],"replies":[{"embeddable":true,"href":"https:\/\/panoramahairturkey.com\/fr\/wp-json\/wp\/v2\/comments?post=1018"}],"version-history":[{"count":0,"href":"https:\/\/panoramahairturkey.com\/fr\/wp-json\/wp\/v2\/pages\/1018\/revisions"}],"wp:attachment":[{"href":"https:\/\/panoramahairturkey.com\/fr\/wp-json\/wp\/v2\/media?parent=1018"}],"curies":[{"name":"wp","href":"https:\/\/api.w.org\/{rel}","templated":true}]}}