
{"id":1018,"date":"2022-06-11T10:42:43","date_gmt":"2022-06-11T10:42:43","guid":{"rendered":"https:\/\/demo.themedraft.net\/wp\/doctio\/?page_id=1018"},"modified":"2024-10-29T10:53:06","modified_gmt":"2024-10-29T10:53:06","slug":"f-a-q","status":"publish","type":"page","link":"https:\/\/panoramahairturkey.com\/es\/f-a-q\/","title":{"rendered":"F.A.Q"},"content":{"rendered":"<div data-elementor-type=\"wp-page\" data-elementor-id=\"1018\" class=\"elementor elementor-1018\" data-elementor-post-type=\"page\">\n\t\t\t\t\t\t<section class=\"elementor-section elementor-top-section elementor-element elementor-element-87880e2 elementor-section-stretched elementor-section-boxed elementor-section-height-default elementor-section-height-default\" data-id=\"87880e2\" data-element_type=\"section\" data-e-type=\"section\" data-settings=\"{&quot;stretch_section&quot;:&quot;section-stretched&quot;}\">\n\t\t\t\t\t\t<div class=\"elementor-container elementor-column-gap-default\">\n\t\t\t\t\t<div class=\"elementor-column elementor-col-100 elementor-top-column elementor-element elementor-element-373a530\" data-id=\"373a530\" data-element_type=\"column\" data-e-type=\"column\">\n\t\t\t<div class=\"elementor-widget-wrap elementor-element-populated\">\n\t\t\t\t\t\t<div class=\"elementor-element elementor-element-be14ec1 elementor-widget elementor-widget-themedraft_section_title\" data-id=\"be14ec1\" data-element_type=\"widget\" data-e-type=\"widget\" data-widget_type=\"themedraft_section_title.default\">\n\t\t\t\t<div class=\"elementor-widget-container\">\n\t\t\t\t\t\n\t\t<div class=\"td-section-title-wrapper\">\n            <div class=\"td-section-title-content td-secondary-font\">\n                                    <div class=\"td-section-title-bg-text center\">\n                        Preguntas frecuentes                    <\/div>\n                \n                                    <div class=\"td-section-subtitle td-primary-color\">\n                        FAQs                    <\/div>\n                \n                                    <div class=\"td-section-title\">\n                        <h5>Preguntas m\u00e1s frecuentes<\/h5>                    <\/div>\n                                        <div class=\"title-bottom-line\" style=\"background-image: url(https:\/\/demo.themedraft.net\/wp\/doctio\/wp-content\/uploads\/2022\/06\/line-1.png)\"><\/div>\n                                                <\/div>\n\t\t<\/div>\n\t\t\t\t\t\t<\/div>\n\t\t\t\t<\/div>\n\t\t\t\t\t<\/div>\n\t\t<\/div>\n\t\t\t\t\t<\/div>\n\t\t<\/section>\n\t\t\t\t<section class=\"elementor-section elementor-top-section elementor-element elementor-element-41ddc21 elementor-section-stretched elementor-section-boxed elementor-section-height-default elementor-section-height-default\" data-id=\"41ddc21\" data-element_type=\"section\" data-e-type=\"section\" data-settings=\"{&quot;stretch_section&quot;:&quot;section-stretched&quot;}\">\n\t\t\t\t\t\t<div class=\"elementor-container elementor-column-gap-default\">\n\t\t\t\t\t<div class=\"elementor-column elementor-col-50 elementor-top-column elementor-element elementor-element-7a5b7b9\" data-id=\"7a5b7b9\" data-element_type=\"column\" data-e-type=\"column\">\n\t\t\t<div class=\"elementor-widget-wrap elementor-element-populated\">\n\t\t\t\t\t\t<div class=\"elementor-element elementor-element-251cb63 elementor-widget elementor-widget-themeDraft_accordion\" data-id=\"251cb63\" data-element_type=\"widget\" data-e-type=\"widget\" data-widget_type=\"themeDraft_accordion.default\">\n\t\t\t\t<div class=\"elementor-widget-container\">\n\t\t\t\t\t        <div class=\"td-accordion-wrapper td-accordion-wrapper-11984\">\n            <div class=\"accordion\" id=\"td-accordion-11984\">\n\n\t\t\t\t                        <div class=\"accordion-item\">\n                            <h2 class=\"accordion-header\">\n                                <button class=\"accordion-button\" type=\"button\" data-bs-toggle=\"collapse\" data-bs-target=\"#collapse-111984\" aria-expanded=\"true\" aria-controls=\"collapse-111984\">\n\t\t\t\t\t\t\t\t\t\u00bfEs dolorosa la intervenci\u00f3n de trasplante capilar?                                <\/button>\n                            <\/h2>\n\n                            <div id=\"collapse-111984\" class=\"accordion-collapse collapse show\" data-bs-parent=\"#td-accordion-11984\">\n                                <div class=\"accordion-body\">\n\t\t\t\t\t\t\t\t\t<p><span style=\"font-weight: 400\">La mayor\u00eda de los pacientes experimentan m\u00ednimas molestias durante la intervenci\u00f3n, ya que se utiliza anestesia local para insensibilizar el cuero cabelludo. Es posible que despu\u00e9s se sienta algo de dolor o sensibilidad, pero normalmente se puede controlar con analg\u00e9sicos de venta sin receta.<\/span><\/p>                                <\/div>\n                            <\/div>\n                        <\/div>\n\t\t\t\t\t\t                        <div class=\"accordion-item\">\n                            <h2 class=\"accordion-header\">\n                                <button class=\"accordion-button collapsed\" type=\"button\" data-bs-toggle=\"collapse\" data-bs-target=\"#collapse-211984\" aria-expanded=\"false\" aria-controls=\"collapse-211984\">\n\t\t\t\t\t\t\t\t\t\u00bfCu\u00e1nto dura la recuperaci\u00f3n?                                <\/button>\n                            <\/h2>\n\n                            <div id=\"collapse-211984\" class=\"accordion-collapse collapse\" data-bs-parent=\"#td-accordion-11984\">\n                                <div class=\"accordion-body\">\n\t\t\t\t\t\t\t\t\t<p><span style=\"font-weight: 400\">El tiempo de recuperaci\u00f3n var\u00eda seg\u00fan la persona, pero la mayor\u00eda puede reanudar sus actividades normales a los pocos d\u00edas. Puede producirse una inflamaci\u00f3n y enrojecimiento iniciales, pero suelen remitir en una o dos semanas. Los resultados completos suelen ser visibles al cabo de 6 a 12 meses.<\/span><\/p>                                <\/div>\n                            <\/div>\n                        <\/div>\n\t\t\t\t\t\t                        <div class=\"accordion-item\">\n                            <h2 class=\"accordion-header\">\n                                <button class=\"accordion-button collapsed\" type=\"button\" data-bs-toggle=\"collapse\" data-bs-target=\"#collapse-311984\" aria-expanded=\"false\" aria-controls=\"collapse-311984\">\n\t\t\t\t\t\t\t\t\t\u00bfCu\u00e1ndo ver\u00e9 los resultados de mi trasplante capilar?                                <\/button>\n                            <\/h2>\n\n                            <div id=\"collapse-311984\" class=\"accordion-collapse collapse\" data-bs-parent=\"#td-accordion-11984\">\n                                <div class=\"accordion-body\">\n\t\t\t\t\t\t\t\t\t<p><span style=\"font-weight: 400\">El crecimiento del vello suele comenzar en torno a los 3 \u00f3 4 meses despu\u00e9s de la intervenci\u00f3n, con mejoras apreciables al cabo de 6 a 9 meses. Los resultados completos pueden tardar hasta 12 meses en ser visibles.<\/span><\/p>                                <\/div>\n                            <\/div>\n                        <\/div>\n\t\t\t\t\t\t                        <div class=\"accordion-item\">\n                            <h2 class=\"accordion-header\">\n                                <button class=\"accordion-button collapsed\" type=\"button\" data-bs-toggle=\"collapse\" data-bs-target=\"#collapse-411984\" aria-expanded=\"false\" aria-controls=\"collapse-411984\">\n\t\t\t\t\t\t\t\t\t\u00bfQu\u00e9 t\u00e9cnicas se utilizan para el trasplante capilar en Turqu\u00eda y cu\u00e1l es su coste?                                <\/button>\n                            <\/h2>\n\n                            <div id=\"collapse-411984\" class=\"accordion-collapse collapse\" data-bs-parent=\"#td-accordion-11984\">\n                                <div class=\"accordion-body\">\n\t\t\t\t\t\t\t\t\t<p>En Turqu\u00eda se emplean varias t\u00e9cnicas de trasplante capilar, como la FUE (extracci\u00f3n de unidades foliculares), la DHI (implante capilar directo) y la FUE de zafiro. Los costes pueden variar en funci\u00f3n de la t\u00e9cnica elegida, siendo generalmente la FUE la m\u00e1s asequible, mientras que los m\u00e9todos DHI y Sapphire pueden tener precios m\u00e1s elevados debido a su avanzada tecnolog\u00eda.<\/p>                                <\/div>\n                            <\/div>\n                        <\/div>\n\t\t\t\t\t\t            <\/div>\n        <\/div>\n\t\t\t\t\t\t<\/div>\n\t\t\t\t<\/div>\n\t\t\t\t\t<\/div>\n\t\t<\/div>\n\t\t\t\t<div class=\"elementor-column elementor-col-50 elementor-top-column elementor-element elementor-element-db21450\" data-id=\"db21450\" data-element_type=\"column\" data-e-type=\"column\">\n\t\t\t<div class=\"elementor-widget-wrap elementor-element-populated\">\n\t\t\t\t\t\t<div class=\"elementor-element elementor-element-a9d696a elementor-widget elementor-widget-themeDraft_accordion\" data-id=\"a9d696a\" data-element_type=\"widget\" data-e-type=\"widget\" data-widget_type=\"themeDraft_accordion.default\">\n\t\t\t\t<div class=\"elementor-widget-container\">\n\t\t\t\t\t        <div class=\"td-accordion-wrapper td-accordion-wrapper-16489\">\n            <div class=\"accordion\" id=\"td-accordion-16489\">\n\n\t\t\t\t                        <div class=\"accordion-item\">\n                            <h2 class=\"accordion-header\">\n                                <button class=\"accordion-button\" type=\"button\" data-bs-toggle=\"collapse\" data-bs-target=\"#collapse-116489\" aria-expanded=\"true\" aria-controls=\"collapse-116489\">\n\t\t\t\t\t\t\t\t\t\u00bfSon permanentes los resultados de un trasplante capilar?                                <\/button>\n                            <\/h2>\n\n                            <div id=\"collapse-116489\" class=\"accordion-collapse collapse show\" data-bs-parent=\"#td-accordion-16489\">\n                                <div class=\"accordion-body\">\n\t\t\t\t\t\t\t\t\t<p><span style=\"font-weight: 400\">S\u00ed, los trasplantes capilares suelen proporcionar resultados permanentes. Los fol\u00edculos pilosos trasplantados se toman de zonas resistentes a la ca\u00edda del cabello, por lo que siguen creciendo pelo incluso en la nueva ubicaci\u00f3n.<\/span><\/p>                                <\/div>\n                            <\/div>\n                        <\/div>\n\t\t\t\t\t\t                        <div class=\"accordion-item\">\n                            <h2 class=\"accordion-header\">\n                                <button class=\"accordion-button collapsed\" type=\"button\" data-bs-toggle=\"collapse\" data-bs-target=\"#collapse-216489\" aria-expanded=\"false\" aria-controls=\"collapse-216489\">\n\t\t\t\t\t\t\t\t\t\u00bfC\u00f3mo elegir la cl\u00ednica de trasplante capilar adecuada?                                <\/button>\n                            <\/h2>\n\n                            <div id=\"collapse-216489\" class=\"accordion-collapse collapse\" data-bs-parent=\"#td-accordion-16489\">\n                                <div class=\"accordion-body\">\n\t\t\t\t\t\t\t\t\t<p><span style=\"font-weight: 400\">Busque una cl\u00ednica con un historial probado, cirujanos experimentados y opiniones positivas de los pacientes. Tambi\u00e9n es importante asegurarse de que la cl\u00ednica utiliza t\u00e9cnicas avanzadas y ofrece una atenci\u00f3n pre y postoperatoria completa.<\/span><\/p>                                <\/div>\n                            <\/div>\n                        <\/div>\n\t\t\t\t\t\t                        <div class=\"accordion-item\">\n                            <h2 class=\"accordion-header\">\n                                <button class=\"accordion-button collapsed\" type=\"button\" data-bs-toggle=\"collapse\" data-bs-target=\"#collapse-316489\" aria-expanded=\"false\" aria-controls=\"collapse-316489\">\n\t\t\t\t\t\t\t\t\t\u00bfCu\u00e1nto cuesta un trasplante capilar?                                <\/button>\n                            <\/h2>\n\n                            <div id=\"collapse-316489\" class=\"accordion-collapse collapse\" data-bs-parent=\"#td-accordion-16489\">\n                                <div class=\"accordion-body\">\n\t\t\t\t\t\t\t\t\t<p><span style=\"font-weight: 400\">El coste de un trasplante capilar var\u00eda en funci\u00f3n de la t\u00e9cnica utilizada, el alcance de la intervenci\u00f3n y la ubicaci\u00f3n de la cl\u00ednica. Lo mejor es consultar con la cl\u00ednica para obtener un presupuesto personalizado y discutir las opciones de financiaci\u00f3n en caso necesario.<\/span><\/p>                                <\/div>\n                            <\/div>\n                        <\/div>\n\t\t\t\t\t\t                        <div class=\"accordion-item\">\n                            <h2 class=\"accordion-header\">\n                                <button class=\"accordion-button collapsed\" type=\"button\" data-bs-toggle=\"collapse\" data-bs-target=\"#collapse-416489\" aria-expanded=\"false\" aria-controls=\"collapse-416489\">\n\t\t\t\t\t\t\t\t\t\u00bfQu\u00e9 factores pueden influir en el coste del trasplante capilar en Turqu\u00eda?                                <\/button>\n                            <\/h2>\n\n                            <div id=\"collapse-416489\" class=\"accordion-collapse collapse\" data-bs-parent=\"#td-accordion-16489\">\n                                <div class=\"accordion-body\">\n\t\t\t\t\t\t\t\t\t<p>El coste del trasplante capilar en Turqu\u00eda puede verse influido por varios factores, como la t\u00e9cnica espec\u00edfica utilizada, el n\u00famero de injertos necesarios, la ubicaci\u00f3n de la cl\u00ednica, la experiencia del cirujano y los servicios adicionales ofrecidos, como el transporte y el alojamiento. Es importante tener en cuenta todos estos factores a la hora de presupuestar la intervenci\u00f3n.<\/p><p>\u00a0<\/p>                                <\/div>\n                            <\/div>\n                        <\/div>\n\t\t\t\t\t\t            <\/div>\n        <\/div>\n\t\t\t\t\t\t<\/div>\n\t\t\t\t<\/div>\n\t\t\t\t\t<\/div>\n\t\t<\/div>\n\t\t\t\t\t<\/div>\n\t\t<\/section>\n\t\t\t\t<\/div>","protected":false},"excerpt":{"rendered":"<p>Faqs FAQs Frequently Asked Questions Is the hair transplant procedure painful? Most patients experience minimal discomfort during the procedure, as local anesthesia is used to numb the scalp. Some soreness or sensitivity may be felt afterward, but this is usually manageable with over-the-counter pain relievers. How long does the recovery take? Recovery time varies by [&hellip;]<\/p>\n","protected":false},"author":1,"featured_media":0,"parent":0,"menu_order":0,"comment_status":"closed","ping_status":"closed","template":"","meta":{"footnotes":""},"class_list":["post-1018","page","type-page","status-publish","hentry"],"yoast_head":"<!-- This site is optimized with the Yoast SEO plugin v27.5 - https:\/\/yoast.com\/product\/yoast-seo-wordpress\/ -->\n<title>F.A.Q - Best Hair Transplant in Turkey 2025 Cost<\/title>\n<meta name=\"description\" content=\"Discover the most frequently asked questions about hair transplantation! With F.A.Q. you can find answers to all your questions.\" \/>\n<meta name=\"robots\" content=\"index, follow, max-snippet:-1, max-image-preview:large, max-video-preview:-1\" \/>\n<link rel=\"canonical\" href=\"https:\/\/panoramahairturkey.com\/es\/f-a-q\/\" \/>\n<meta property=\"og:locale\" content=\"es_ES\" \/>\n<meta property=\"og:type\" content=\"article\" \/>\n<meta property=\"og:title\" content=\"F.A.Q - Best Hair Transplant in Turkey 2025 Cost\" \/>\n<meta property=\"og:description\" content=\"Discover the most frequently asked questions about hair transplantation! With F.A.Q. you can find answers to all your questions.\" \/>\n<meta property=\"og:url\" content=\"https:\/\/panoramahairturkey.com\/es\/f-a-q\/\" \/>\n<meta property=\"og:site_name\" content=\"Best Hair Transplant in Turkey 2025 Cost\" \/>\n<meta property=\"article:modified_time\" content=\"2024-10-29T10:53:06+00:00\" \/>\n<meta name=\"twitter:card\" content=\"summary_large_image\" \/>\n<meta name=\"twitter:label1\" content=\"Tiempo de lectura\" \/>\n\t<meta name=\"twitter:data1\" content=\"3 minutos\" \/>\n<script type=\"application\/ld+json\" class=\"yoast-schema-graph\">{\"@context\":\"https:\\\/\\\/schema.org\",\"@graph\":[{\"@type\":\"WebPage\",\"@id\":\"https:\\\/\\\/panoramahairturkey.com\\\/f-a-q\\\/\",\"url\":\"https:\\\/\\\/panoramahairturkey.com\\\/f-a-q\\\/\",\"name\":\"F.A.Q - Best Hair Transplant in Turkey 2025 Cost\",\"isPartOf\":{\"@id\":\"https:\\\/\\\/panoramahairturkey.com\\\/#website\"},\"datePublished\":\"2022-06-11T10:42:43+00:00\",\"dateModified\":\"2024-10-29T10:53:06+00:00\",\"description\":\"Discover the most frequently asked questions about hair transplantation! With F.A.Q. you can find answers to all your questions.\",\"breadcrumb\":{\"@id\":\"https:\\\/\\\/panoramahairturkey.com\\\/f-a-q\\\/#breadcrumb\"},\"inLanguage\":\"es\",\"potentialAction\":[{\"@type\":\"ReadAction\",\"target\":[\"https:\\\/\\\/panoramahairturkey.com\\\/f-a-q\\\/\"]}]},{\"@type\":\"BreadcrumbList\",\"@id\":\"https:\\\/\\\/panoramahairturkey.com\\\/f-a-q\\\/#breadcrumb\",\"itemListElement\":[{\"@type\":\"ListItem\",\"position\":1,\"name\":\"Anasayfa\",\"item\":\"https:\\\/\\\/panoramahairturkey.com\\\/\"},{\"@type\":\"ListItem\",\"position\":2,\"name\":\"F.A.Q\"}]},{\"@type\":\"WebSite\",\"@id\":\"https:\\\/\\\/panoramahairturkey.com\\\/#website\",\"url\":\"https:\\\/\\\/panoramahairturkey.com\\\/\",\"name\":\"Best Hair Transplant in Turkey 2025 Cost\",\"description\":\"\",\"publisher\":{\"@id\":\"https:\\\/\\\/panoramahairturkey.com\\\/#organization\"},\"potentialAction\":[{\"@type\":\"SearchAction\",\"target\":{\"@type\":\"EntryPoint\",\"urlTemplate\":\"https:\\\/\\\/panoramahairturkey.com\\\/?s={search_term_string}\"},\"query-input\":{\"@type\":\"PropertyValueSpecification\",\"valueRequired\":true,\"valueName\":\"search_term_string\"}}],\"inLanguage\":\"es\"},{\"@type\":\"Organization\",\"@id\":\"https:\\\/\\\/panoramahairturkey.com\\\/#organization\",\"name\":\"Best Hair Transplant in Turkey 2025 Cost\",\"url\":\"https:\\\/\\\/panoramahairturkey.com\\\/\",\"logo\":{\"@type\":\"ImageObject\",\"inLanguage\":\"es\",\"@id\":\"https:\\\/\\\/panoramahairturkey.com\\\/#\\\/schema\\\/logo\\\/image\\\/\",\"url\":\"https:\\\/\\\/panoramahairturkey.com\\\/wp-content\\\/uploads\\\/2024\\\/08\\\/cropped-panorama-logo-1-3.webp\",\"contentUrl\":\"https:\\\/\\\/panoramahairturkey.com\\\/wp-content\\\/uploads\\\/2024\\\/08\\\/cropped-panorama-logo-1-3.webp\",\"width\":1538,\"height\":461,\"caption\":\"Best Hair Transplant in Turkey 2025 Cost\"},\"image\":{\"@id\":\"https:\\\/\\\/panoramahairturkey.com\\\/#\\\/schema\\\/logo\\\/image\\\/\"}}]}<\/script>\n<!-- \/ Yoast SEO plugin. -->","yoast_head_json":{"title":"F.A.Q - Best Hair Transplant in Turkey 2025 Cost","description":"Discover the most frequently asked questions about hair transplantation! With F.A.Q. you can find answers to all your questions.","robots":{"index":"index","follow":"follow","max-snippet":"max-snippet:-1","max-image-preview":"max-image-preview:large","max-video-preview":"max-video-preview:-1"},"canonical":"https:\/\/panoramahairturkey.com\/es\/f-a-q\/","og_locale":"es_ES","og_type":"article","og_title":"F.A.Q - Best Hair Transplant in Turkey 2025 Cost","og_description":"Discover the most frequently asked questions about hair transplantation! With F.A.Q. you can find answers to all your questions.","og_url":"https:\/\/panoramahairturkey.com\/es\/f-a-q\/","og_site_name":"Best Hair Transplant in Turkey 2025 Cost","article_modified_time":"2024-10-29T10:53:06+00:00","twitter_card":"summary_large_image","twitter_misc":{"Tiempo de lectura":"3 minutos"},"schema":{"@context":"https:\/\/schema.org","@graph":[{"@type":"WebPage","@id":"https:\/\/panoramahairturkey.com\/f-a-q\/","url":"https:\/\/panoramahairturkey.com\/f-a-q\/","name":"F.A.Q - Best Hair Transplant in Turkey 2025 Cost","isPartOf":{"@id":"https:\/\/panoramahairturkey.com\/#website"},"datePublished":"2022-06-11T10:42:43+00:00","dateModified":"2024-10-29T10:53:06+00:00","description":"Discover the most frequently asked questions about hair transplantation! With F.A.Q. you can find answers to all your questions.","breadcrumb":{"@id":"https:\/\/panoramahairturkey.com\/f-a-q\/#breadcrumb"},"inLanguage":"es","potentialAction":[{"@type":"ReadAction","target":["https:\/\/panoramahairturkey.com\/f-a-q\/"]}]},{"@type":"BreadcrumbList","@id":"https:\/\/panoramahairturkey.com\/f-a-q\/#breadcrumb","itemListElement":[{"@type":"ListItem","position":1,"name":"Anasayfa","item":"https:\/\/panoramahairturkey.com\/"},{"@type":"ListItem","position":2,"name":"F.A.Q"}]},{"@type":"WebSite","@id":"https:\/\/panoramahairturkey.com\/#website","url":"https:\/\/panoramahairturkey.com\/","name":"Best Hair Transplant in Turkey 2025 Cost","description":"","publisher":{"@id":"https:\/\/panoramahairturkey.com\/#organization"},"potentialAction":[{"@type":"SearchAction","target":{"@type":"EntryPoint","urlTemplate":"https:\/\/panoramahairturkey.com\/?s={search_term_string}"},"query-input":{"@type":"PropertyValueSpecification","valueRequired":true,"valueName":"search_term_string"}}],"inLanguage":"es"},{"@type":"Organization","@id":"https:\/\/panoramahairturkey.com\/#organization","name":"Best Hair Transplant in Turkey 2025 Cost","url":"https:\/\/panoramahairturkey.com\/","logo":{"@type":"ImageObject","inLanguage":"es","@id":"https:\/\/panoramahairturkey.com\/#\/schema\/logo\/image\/","url":"https:\/\/panoramahairturkey.com\/wp-content\/uploads\/2024\/08\/cropped-panorama-logo-1-3.webp","contentUrl":"https:\/\/panoramahairturkey.com\/wp-content\/uploads\/2024\/08\/cropped-panorama-logo-1-3.webp","width":1538,"height":461,"caption":"Best Hair Transplant in Turkey 2025 Cost"},"image":{"@id":"https:\/\/panoramahairturkey.com\/#\/schema\/logo\/image\/"}}]}},"_links":{"self":[{"href":"https:\/\/panoramahairturkey.com\/es\/wp-json\/wp\/v2\/pages\/1018","targetHints":{"allow":["GET"]}}],"collection":[{"href":"https:\/\/panoramahairturkey.com\/es\/wp-json\/wp\/v2\/pages"}],"about":[{"href":"https:\/\/panoramahairturkey.com\/es\/wp-json\/wp\/v2\/types\/page"}],"author":[{"embeddable":true,"href":"https:\/\/panoramahairturkey.com\/es\/wp-json\/wp\/v2\/users\/1"}],"replies":[{"embeddable":true,"href":"https:\/\/panoramahairturkey.com\/es\/wp-json\/wp\/v2\/comments?post=1018"}],"version-history":[{"count":0,"href":"https:\/\/panoramahairturkey.com\/es\/wp-json\/wp\/v2\/pages\/1018\/revisions"}],"wp:attachment":[{"href":"https:\/\/panoramahairturkey.com\/es\/wp-json\/wp\/v2\/media?parent=1018"}],"curies":[{"name":"wp","href":"https:\/\/api.w.org\/{rel}","templated":true}]}}