
{"id":1018,"date":"2022-06-11T10:42:43","date_gmt":"2022-06-11T10:42:43","guid":{"rendered":"https:\/\/demo.themedraft.net\/wp\/doctio\/?page_id=1018"},"modified":"2024-10-29T10:53:06","modified_gmt":"2024-10-29T10:53:06","slug":"f-a-q","status":"publish","type":"page","link":"https:\/\/panoramahairturkey.com\/de\/f-a-q\/","title":{"rendered":"F.A.Q"},"content":{"rendered":"<div data-elementor-type=\"wp-page\" data-elementor-id=\"1018\" class=\"elementor elementor-1018\" data-elementor-post-type=\"page\">\n\t\t\t\t\t\t<section class=\"elementor-section elementor-top-section elementor-element elementor-element-87880e2 elementor-section-stretched elementor-section-boxed elementor-section-height-default elementor-section-height-default\" data-id=\"87880e2\" data-element_type=\"section\" data-e-type=\"section\" data-settings=\"{&quot;stretch_section&quot;:&quot;section-stretched&quot;}\">\n\t\t\t\t\t\t<div class=\"elementor-container elementor-column-gap-default\">\n\t\t\t\t\t<div class=\"elementor-column elementor-col-100 elementor-top-column elementor-element elementor-element-373a530\" data-id=\"373a530\" data-element_type=\"column\" data-e-type=\"column\">\n\t\t\t<div class=\"elementor-widget-wrap elementor-element-populated\">\n\t\t\t\t\t\t<div class=\"elementor-element elementor-element-be14ec1 elementor-widget elementor-widget-themedraft_section_title\" data-id=\"be14ec1\" data-element_type=\"widget\" data-e-type=\"widget\" data-widget_type=\"themedraft_section_title.default\">\n\t\t\t\t<div class=\"elementor-widget-container\">\n\t\t\t\t\t\n\t\t<div class=\"td-section-title-wrapper\">\n            <div class=\"td-section-title-content td-secondary-font\">\n                                    <div class=\"td-section-title-bg-text center\">\n                        Faqs                    <\/div>\n                \n                                    <div class=\"td-section-subtitle td-primary-color\">\n                        FAQs                    <\/div>\n                \n                                    <div class=\"td-section-title\">\n                        <h5>H\u00e4ufig gestellte Fragen<\/h5>                    <\/div>\n                                        <div class=\"title-bottom-line\" style=\"background-image: url(https:\/\/demo.themedraft.net\/wp\/doctio\/wp-content\/uploads\/2022\/06\/line-1.png)\"><\/div>\n                                                <\/div>\n\t\t<\/div>\n\t\t\t\t\t\t<\/div>\n\t\t\t\t<\/div>\n\t\t\t\t\t<\/div>\n\t\t<\/div>\n\t\t\t\t\t<\/div>\n\t\t<\/section>\n\t\t\t\t<section class=\"elementor-section elementor-top-section elementor-element elementor-element-41ddc21 elementor-section-stretched elementor-section-boxed elementor-section-height-default elementor-section-height-default\" data-id=\"41ddc21\" data-element_type=\"section\" data-e-type=\"section\" data-settings=\"{&quot;stretch_section&quot;:&quot;section-stretched&quot;}\">\n\t\t\t\t\t\t<div class=\"elementor-container elementor-column-gap-default\">\n\t\t\t\t\t<div class=\"elementor-column elementor-col-50 elementor-top-column elementor-element elementor-element-7a5b7b9\" data-id=\"7a5b7b9\" data-element_type=\"column\" data-e-type=\"column\">\n\t\t\t<div class=\"elementor-widget-wrap elementor-element-populated\">\n\t\t\t\t\t\t<div class=\"elementor-element elementor-element-251cb63 elementor-widget elementor-widget-themeDraft_accordion\" data-id=\"251cb63\" data-element_type=\"widget\" data-e-type=\"widget\" data-widget_type=\"themeDraft_accordion.default\">\n\t\t\t\t<div class=\"elementor-widget-container\">\n\t\t\t\t\t        <div class=\"td-accordion-wrapper td-accordion-wrapper-36350\">\n            <div class=\"accordion\" id=\"td-accordion-36350\">\n\n\t\t\t\t                        <div class=\"accordion-item\">\n                            <h2 class=\"accordion-header\">\n                                <button class=\"accordion-button\" type=\"button\" data-bs-toggle=\"collapse\" data-bs-target=\"#collapse-136350\" aria-expanded=\"true\" aria-controls=\"collapse-136350\">\n\t\t\t\t\t\t\t\t\tIs the hair transplant procedure painful?                                <\/button>\n                            <\/h2>\n\n                            <div id=\"collapse-136350\" class=\"accordion-collapse collapse show\" data-bs-parent=\"#td-accordion-36350\">\n                                <div class=\"accordion-body\">\n\t\t\t\t\t\t\t\t\t<p><span style=\"font-weight: 400\">Die meisten Patienten empfinden w\u00e4hrend des Eingriffs nur minimale Beschwerden, da die Kopfhaut mit einer \u00f6rtlichen Bet\u00e4ubung bet\u00e4ubt wird. Nach dem Eingriff kann es zu einer gewissen Schmerzhaftigkeit oder Empfindlichkeit kommen, die jedoch in der Regel mit rezeptfreien Schmerzmitteln in den Griff zu bekommen ist.<\/span><\/p>                                <\/div>\n                            <\/div>\n                        <\/div>\n\t\t\t\t\t\t                        <div class=\"accordion-item\">\n                            <h2 class=\"accordion-header\">\n                                <button class=\"accordion-button collapsed\" type=\"button\" data-bs-toggle=\"collapse\" data-bs-target=\"#collapse-236350\" aria-expanded=\"false\" aria-controls=\"collapse-236350\">\n\t\t\t\t\t\t\t\t\tWie lange dauert die Wiederherstellung?                                <\/button>\n                            <\/h2>\n\n                            <div id=\"collapse-236350\" class=\"accordion-collapse collapse\" data-bs-parent=\"#td-accordion-36350\">\n                                <div class=\"accordion-body\">\n\t\t\t\t\t\t\t\t\t<p><span style=\"font-weight: 400\">Die Genesungszeit ist individuell unterschiedlich, aber die meisten Menschen k\u00f6nnen ihre normalen Aktivit\u00e4ten innerhalb weniger Tage wieder aufnehmen. Anf\u00e4ngliche Schwellungen und R\u00f6tungen k\u00f6nnen auftreten, klingen aber in der Regel innerhalb von ein bis zwei Wochen ab. Das vollst\u00e4ndige Ergebnis ist in der Regel nach 6 bis 12 Monaten sichtbar.<\/span><\/p>                                <\/div>\n                            <\/div>\n                        <\/div>\n\t\t\t\t\t\t                        <div class=\"accordion-item\">\n                            <h2 class=\"accordion-header\">\n                                <button class=\"accordion-button collapsed\" type=\"button\" data-bs-toggle=\"collapse\" data-bs-target=\"#collapse-336350\" aria-expanded=\"false\" aria-controls=\"collapse-336350\">\n\t\t\t\t\t\t\t\t\tWann werde ich Ergebnisse von meiner Haartransplantation sehen?                                <\/button>\n                            <\/h2>\n\n                            <div id=\"collapse-336350\" class=\"accordion-collapse collapse\" data-bs-parent=\"#td-accordion-36350\">\n                                <div class=\"accordion-body\">\n\t\t\t\t\t\t\t\t\t<p><span style=\"font-weight: 400\">Der Haarwuchs setzt in der Regel 3 bis 4 Monate nach dem Eingriff ein. Sp\u00fcrbare Verbesserungen sind nach 6 bis 9 Monaten zu sehen. Es kann bis zu 12 Monate dauern, bis das vollst\u00e4ndige Ergebnis sichtbar wird.<\/span><\/p>                                <\/div>\n                            <\/div>\n                        <\/div>\n\t\t\t\t\t\t                        <div class=\"accordion-item\">\n                            <h2 class=\"accordion-header\">\n                                <button class=\"accordion-button collapsed\" type=\"button\" data-bs-toggle=\"collapse\" data-bs-target=\"#collapse-436350\" aria-expanded=\"false\" aria-controls=\"collapse-436350\">\n\t\t\t\t\t\t\t\t\tWelche Techniken werden bei der Haartransplantation in der T\u00fcrkei angewandt, und wie hoch sind ihre Kosten?                                <\/button>\n                            <\/h2>\n\n                            <div id=\"collapse-436350\" class=\"accordion-collapse collapse\" data-bs-parent=\"#td-accordion-36350\">\n                                <div class=\"accordion-body\">\n\t\t\t\t\t\t\t\t\t<p>F\u00fcr Haartransplantationen in der T\u00fcrkei werden verschiedene Techniken angewandt, darunter FUE (Follicular Unit Extraction), DHI (Direct Hair Implantation) und Sapphire FUE. Die Kosten k\u00f6nnen je nach gew\u00e4hlter Technik variieren, wobei FUE im Allgemeinen am erschwinglichsten ist, w\u00e4hrend die DHI- und Sapphire-Methoden aufgrund ihrer fortschrittlichen Technologie h\u00f6here Preise haben k\u00f6nnen.<\/p>                                <\/div>\n                            <\/div>\n                        <\/div>\n\t\t\t\t\t\t            <\/div>\n        <\/div>\n\t\t\t\t\t\t<\/div>\n\t\t\t\t<\/div>\n\t\t\t\t\t<\/div>\n\t\t<\/div>\n\t\t\t\t<div class=\"elementor-column elementor-col-50 elementor-top-column elementor-element elementor-element-db21450\" data-id=\"db21450\" data-element_type=\"column\" data-e-type=\"column\">\n\t\t\t<div class=\"elementor-widget-wrap elementor-element-populated\">\n\t\t\t\t\t\t<div class=\"elementor-element elementor-element-a9d696a elementor-widget elementor-widget-themeDraft_accordion\" data-id=\"a9d696a\" data-element_type=\"widget\" data-e-type=\"widget\" data-widget_type=\"themeDraft_accordion.default\">\n\t\t\t\t<div class=\"elementor-widget-container\">\n\t\t\t\t\t        <div class=\"td-accordion-wrapper td-accordion-wrapper-33711\">\n            <div class=\"accordion\" id=\"td-accordion-33711\">\n\n\t\t\t\t                        <div class=\"accordion-item\">\n                            <h2 class=\"accordion-header\">\n                                <button class=\"accordion-button\" type=\"button\" data-bs-toggle=\"collapse\" data-bs-target=\"#collapse-133711\" aria-expanded=\"true\" aria-controls=\"collapse-133711\">\n\t\t\t\t\t\t\t\t\tSind die Ergebnisse einer Haartransplantation dauerhaft?                                <\/button>\n                            <\/h2>\n\n                            <div id=\"collapse-133711\" class=\"accordion-collapse collapse show\" data-bs-parent=\"#td-accordion-33711\">\n                                <div class=\"accordion-body\">\n\t\t\t\t\t\t\t\t\t<p><span style=\"font-weight: 400\">Ja, Haartransplantationen f\u00fchren im Allgemeinen zu dauerhaften Ergebnissen. Die transplantierten Haarfollikel werden aus Bereichen entnommen, die resistent gegen Haarausfall sind, so dass sie auch an der neuen Stelle weiter Haare wachsen lassen.<\/span><\/p>                                <\/div>\n                            <\/div>\n                        <\/div>\n\t\t\t\t\t\t                        <div class=\"accordion-item\">\n                            <h2 class=\"accordion-header\">\n                                <button class=\"accordion-button collapsed\" type=\"button\" data-bs-toggle=\"collapse\" data-bs-target=\"#collapse-233711\" aria-expanded=\"false\" aria-controls=\"collapse-233711\">\n\t\t\t\t\t\t\t\t\tWie w\u00e4hle ich die richtige Haartransplantationsklinik aus?                                <\/button>\n                            <\/h2>\n\n                            <div id=\"collapse-233711\" class=\"accordion-collapse collapse\" data-bs-parent=\"#td-accordion-33711\">\n                                <div class=\"accordion-body\">\n\t\t\t\t\t\t\t\t\t<p><span style=\"font-weight: 400\">Suchen Sie nach einer Klinik mit nachgewiesener Erfolgsbilanz, erfahrenen Chirurgen und positiven Patientenbewertungen. Wichtig ist auch, dass die Klinik fortschrittliche Techniken anwendet und eine umfassende pr\u00e4- und postoperative Betreuung bietet.<\/span><\/p>                                <\/div>\n                            <\/div>\n                        <\/div>\n\t\t\t\t\t\t                        <div class=\"accordion-item\">\n                            <h2 class=\"accordion-header\">\n                                <button class=\"accordion-button collapsed\" type=\"button\" data-bs-toggle=\"collapse\" data-bs-target=\"#collapse-333711\" aria-expanded=\"false\" aria-controls=\"collapse-333711\">\n\t\t\t\t\t\t\t\t\tWie hoch sind die Kosten f\u00fcr eine Haartransplantation?                                <\/button>\n                            <\/h2>\n\n                            <div id=\"collapse-333711\" class=\"accordion-collapse collapse\" data-bs-parent=\"#td-accordion-33711\">\n                                <div class=\"accordion-body\">\n\t\t\t\t\t\t\t\t\t<p><span style=\"font-weight: 400\">Die Kosten f\u00fcr eine Haartransplantation variieren je nach der verwendeten Technik, dem Umfang des Eingriffs und dem Standort der Klinik. Am besten lassen Sie sich von der Klinik einen individuellen Kostenvoranschlag erstellen und besprechen bei Bedarf die Finanzierungsm\u00f6glichkeiten.<\/span><\/p>                                <\/div>\n                            <\/div>\n                        <\/div>\n\t\t\t\t\t\t                        <div class=\"accordion-item\">\n                            <h2 class=\"accordion-header\">\n                                <button class=\"accordion-button collapsed\" type=\"button\" data-bs-toggle=\"collapse\" data-bs-target=\"#collapse-433711\" aria-expanded=\"false\" aria-controls=\"collapse-433711\">\n\t\t\t\t\t\t\t\t\tWelche Faktoren k\u00f6nnen die Kosten f\u00fcr eine Haartransplantation in der T\u00fcrkei beeinflussen?                                <\/button>\n                            <\/h2>\n\n                            <div id=\"collapse-433711\" class=\"accordion-collapse collapse\" data-bs-parent=\"#td-accordion-33711\">\n                                <div class=\"accordion-body\">\n\t\t\t\t\t\t\t\t\t<p>Die Kosten f\u00fcr eine Haartransplantation in der T\u00fcrkei k\u00f6nnen von mehreren Faktoren beeinflusst werden, darunter die angewandte Technik, die Anzahl der ben\u00f6tigten Grafts, der Standort der Klinik, die Erfahrung des Chirurgen und eventuell angebotene Zusatzleistungen wie Transport und Unterkunft. Es ist wichtig, all diese Faktoren zu ber\u00fccksichtigen, wenn Sie das Budget f\u00fcr den Eingriff festlegen.<\/p><p>\u00a0<\/p>                                <\/div>\n                            <\/div>\n                        <\/div>\n\t\t\t\t\t\t            <\/div>\n        <\/div>\n\t\t\t\t\t\t<\/div>\n\t\t\t\t<\/div>\n\t\t\t\t\t<\/div>\n\t\t<\/div>\n\t\t\t\t\t<\/div>\n\t\t<\/section>\n\t\t\t\t<\/div>","protected":false},"excerpt":{"rendered":"<p>Faqs FAQs Frequently Asked Questions Is the hair transplant procedure painful? Most patients experience minimal discomfort during the procedure, as local anesthesia is used to numb the scalp. Some soreness or sensitivity may be felt afterward, but this is usually manageable with over-the-counter pain relievers. How long does the recovery take? Recovery time varies by [&hellip;]<\/p>\n","protected":false},"author":1,"featured_media":0,"parent":0,"menu_order":0,"comment_status":"closed","ping_status":"closed","template":"","meta":{"footnotes":""},"class_list":["post-1018","page","type-page","status-publish","hentry"],"yoast_head":"<!-- This site is optimized with the Yoast SEO plugin v27.5 - https:\/\/yoast.com\/product\/yoast-seo-wordpress\/ -->\n<title>F.A.Q - Best Hair Transplant in Turkey 2025 Cost<\/title>\n<meta name=\"description\" content=\"Discover the most frequently asked questions about hair transplantation! With F.A.Q. you can find answers to all your questions.\" \/>\n<meta name=\"robots\" content=\"index, follow, max-snippet:-1, max-image-preview:large, max-video-preview:-1\" \/>\n<link rel=\"canonical\" href=\"https:\/\/panoramahairturkey.com\/de\/f-a-q\/\" \/>\n<meta property=\"og:locale\" content=\"de_DE\" \/>\n<meta property=\"og:type\" content=\"article\" \/>\n<meta property=\"og:title\" content=\"F.A.Q - Best Hair Transplant in Turkey 2025 Cost\" \/>\n<meta property=\"og:description\" content=\"Discover the most frequently asked questions about hair transplantation! With F.A.Q. you can find answers to all your questions.\" \/>\n<meta property=\"og:url\" content=\"https:\/\/panoramahairturkey.com\/de\/f-a-q\/\" \/>\n<meta property=\"og:site_name\" content=\"Best Hair Transplant in Turkey 2025 Cost\" \/>\n<meta property=\"article:modified_time\" content=\"2024-10-29T10:53:06+00:00\" \/>\n<meta name=\"twitter:card\" content=\"summary_large_image\" \/>\n<meta name=\"twitter:label1\" content=\"Gesch\u00e4tzte Lesezeit\" \/>\n\t<meta name=\"twitter:data1\" content=\"3\u00a0Minuten\" \/>\n<script type=\"application\/ld+json\" class=\"yoast-schema-graph\">{\"@context\":\"https:\\\/\\\/schema.org\",\"@graph\":[{\"@type\":\"WebPage\",\"@id\":\"https:\\\/\\\/panoramahairturkey.com\\\/f-a-q\\\/\",\"url\":\"https:\\\/\\\/panoramahairturkey.com\\\/f-a-q\\\/\",\"name\":\"F.A.Q - Best Hair Transplant in Turkey 2025 Cost\",\"isPartOf\":{\"@id\":\"https:\\\/\\\/panoramahairturkey.com\\\/#website\"},\"datePublished\":\"2022-06-11T10:42:43+00:00\",\"dateModified\":\"2024-10-29T10:53:06+00:00\",\"description\":\"Discover the most frequently asked questions about hair transplantation! With F.A.Q. you can find answers to all your questions.\",\"breadcrumb\":{\"@id\":\"https:\\\/\\\/panoramahairturkey.com\\\/f-a-q\\\/#breadcrumb\"},\"inLanguage\":\"de\",\"potentialAction\":[{\"@type\":\"ReadAction\",\"target\":[\"https:\\\/\\\/panoramahairturkey.com\\\/f-a-q\\\/\"]}]},{\"@type\":\"BreadcrumbList\",\"@id\":\"https:\\\/\\\/panoramahairturkey.com\\\/f-a-q\\\/#breadcrumb\",\"itemListElement\":[{\"@type\":\"ListItem\",\"position\":1,\"name\":\"Anasayfa\",\"item\":\"https:\\\/\\\/panoramahairturkey.com\\\/\"},{\"@type\":\"ListItem\",\"position\":2,\"name\":\"F.A.Q\"}]},{\"@type\":\"WebSite\",\"@id\":\"https:\\\/\\\/panoramahairturkey.com\\\/#website\",\"url\":\"https:\\\/\\\/panoramahairturkey.com\\\/\",\"name\":\"Best Hair Transplant in Turkey 2025 Cost\",\"description\":\"\",\"publisher\":{\"@id\":\"https:\\\/\\\/panoramahairturkey.com\\\/#organization\"},\"potentialAction\":[{\"@type\":\"SearchAction\",\"target\":{\"@type\":\"EntryPoint\",\"urlTemplate\":\"https:\\\/\\\/panoramahairturkey.com\\\/?s={search_term_string}\"},\"query-input\":{\"@type\":\"PropertyValueSpecification\",\"valueRequired\":true,\"valueName\":\"search_term_string\"}}],\"inLanguage\":\"de\"},{\"@type\":\"Organization\",\"@id\":\"https:\\\/\\\/panoramahairturkey.com\\\/#organization\",\"name\":\"Best Hair Transplant in Turkey 2025 Cost\",\"url\":\"https:\\\/\\\/panoramahairturkey.com\\\/\",\"logo\":{\"@type\":\"ImageObject\",\"inLanguage\":\"de\",\"@id\":\"https:\\\/\\\/panoramahairturkey.com\\\/#\\\/schema\\\/logo\\\/image\\\/\",\"url\":\"https:\\\/\\\/panoramahairturkey.com\\\/wp-content\\\/uploads\\\/2024\\\/08\\\/cropped-panorama-logo-1-3.webp\",\"contentUrl\":\"https:\\\/\\\/panoramahairturkey.com\\\/wp-content\\\/uploads\\\/2024\\\/08\\\/cropped-panorama-logo-1-3.webp\",\"width\":1538,\"height\":461,\"caption\":\"Best Hair Transplant in Turkey 2025 Cost\"},\"image\":{\"@id\":\"https:\\\/\\\/panoramahairturkey.com\\\/#\\\/schema\\\/logo\\\/image\\\/\"}}]}<\/script>\n<!-- \/ Yoast SEO plugin. -->","yoast_head_json":{"title":"F.A.Q - Best Hair Transplant in Turkey 2025 Cost","description":"Discover the most frequently asked questions about hair transplantation! With F.A.Q. you can find answers to all your questions.","robots":{"index":"index","follow":"follow","max-snippet":"max-snippet:-1","max-image-preview":"max-image-preview:large","max-video-preview":"max-video-preview:-1"},"canonical":"https:\/\/panoramahairturkey.com\/de\/f-a-q\/","og_locale":"de_DE","og_type":"article","og_title":"F.A.Q - Best Hair Transplant in Turkey 2025 Cost","og_description":"Discover the most frequently asked questions about hair transplantation! With F.A.Q. you can find answers to all your questions.","og_url":"https:\/\/panoramahairturkey.com\/de\/f-a-q\/","og_site_name":"Best Hair Transplant in Turkey 2025 Cost","article_modified_time":"2024-10-29T10:53:06+00:00","twitter_card":"summary_large_image","twitter_misc":{"Gesch\u00e4tzte Lesezeit":"3\u00a0Minuten"},"schema":{"@context":"https:\/\/schema.org","@graph":[{"@type":"WebPage","@id":"https:\/\/panoramahairturkey.com\/f-a-q\/","url":"https:\/\/panoramahairturkey.com\/f-a-q\/","name":"F.A.Q - Best Hair Transplant in Turkey 2025 Cost","isPartOf":{"@id":"https:\/\/panoramahairturkey.com\/#website"},"datePublished":"2022-06-11T10:42:43+00:00","dateModified":"2024-10-29T10:53:06+00:00","description":"Discover the most frequently asked questions about hair transplantation! With F.A.Q. you can find answers to all your questions.","breadcrumb":{"@id":"https:\/\/panoramahairturkey.com\/f-a-q\/#breadcrumb"},"inLanguage":"de","potentialAction":[{"@type":"ReadAction","target":["https:\/\/panoramahairturkey.com\/f-a-q\/"]}]},{"@type":"BreadcrumbList","@id":"https:\/\/panoramahairturkey.com\/f-a-q\/#breadcrumb","itemListElement":[{"@type":"ListItem","position":1,"name":"Anasayfa","item":"https:\/\/panoramahairturkey.com\/"},{"@type":"ListItem","position":2,"name":"F.A.Q"}]},{"@type":"WebSite","@id":"https:\/\/panoramahairturkey.com\/#website","url":"https:\/\/panoramahairturkey.com\/","name":"Beste Haartransplantation in der T\u00fcrkei 2025 Kosten","description":"","publisher":{"@id":"https:\/\/panoramahairturkey.com\/#organization"},"potentialAction":[{"@type":"SearchAction","target":{"@type":"EntryPoint","urlTemplate":"https:\/\/panoramahairturkey.com\/?s={search_term_string}"},"query-input":{"@type":"PropertyValueSpecification","valueRequired":true,"valueName":"search_term_string"}}],"inLanguage":"de"},{"@type":"Organization","@id":"https:\/\/panoramahairturkey.com\/#organization","name":"Beste Haartransplantation in der T\u00fcrkei 2025 Kosten","url":"https:\/\/panoramahairturkey.com\/","logo":{"@type":"ImageObject","inLanguage":"de","@id":"https:\/\/panoramahairturkey.com\/#\/schema\/logo\/image\/","url":"https:\/\/panoramahairturkey.com\/wp-content\/uploads\/2024\/08\/cropped-panorama-logo-1-3.webp","contentUrl":"https:\/\/panoramahairturkey.com\/wp-content\/uploads\/2024\/08\/cropped-panorama-logo-1-3.webp","width":1538,"height":461,"caption":"Best Hair Transplant in Turkey 2025 Cost"},"image":{"@id":"https:\/\/panoramahairturkey.com\/#\/schema\/logo\/image\/"}}]}},"_links":{"self":[{"href":"https:\/\/panoramahairturkey.com\/de\/wp-json\/wp\/v2\/pages\/1018","targetHints":{"allow":["GET"]}}],"collection":[{"href":"https:\/\/panoramahairturkey.com\/de\/wp-json\/wp\/v2\/pages"}],"about":[{"href":"https:\/\/panoramahairturkey.com\/de\/wp-json\/wp\/v2\/types\/page"}],"author":[{"embeddable":true,"href":"https:\/\/panoramahairturkey.com\/de\/wp-json\/wp\/v2\/users\/1"}],"replies":[{"embeddable":true,"href":"https:\/\/panoramahairturkey.com\/de\/wp-json\/wp\/v2\/comments?post=1018"}],"version-history":[{"count":0,"href":"https:\/\/panoramahairturkey.com\/de\/wp-json\/wp\/v2\/pages\/1018\/revisions"}],"wp:attachment":[{"href":"https:\/\/panoramahairturkey.com\/de\/wp-json\/wp\/v2\/media?parent=1018"}],"curies":[{"name":"wp","href":"https:\/\/api.w.org\/{rel}","templated":true}]}}